{"id":4423,"date":"2026-04-14T10:44:41","date_gmt":"2026-04-14T10:44:41","guid":{"rendered":"https:\/\/assisijourney.org\/?page_id=4423"},"modified":"2026-04-14T12:11:11","modified_gmt":"2026-04-14T12:11:11","slug":"elementor-seite-4423","status":"publish","type":"page","link":"https:\/\/assisijourney.org\/?page_id=4423","title":{"rendered":"Neu: Trauer und Spiritualit\u00e4t"},"content":{"rendered":"\t\t<div data-elementor-type=\"wp-page\" data-elementor-id=\"4423\" class=\"elementor elementor-4423\">\n\t\t\t\t<div class=\"elementor-element elementor-element-66856c6 e-flex e-con-boxed e-con e-parent\" data-id=\"66856c6\" data-element_type=\"container\" data-e-type=\"container\">\n\t\t\t\t\t<div class=\"e-con-inner\">\n\t\t<div class=\"elementor-element elementor-element-58fceb6 e-con-full e-flex e-con e-child\" data-id=\"58fceb6\" data-element_type=\"container\" data-e-type=\"container\">\n\t\t\t\t<div class=\"elementor-element elementor-element-43f03d3 elementor-widget elementor-widget-heading\" data-id=\"43f03d3\" data-element_type=\"widget\" data-e-type=\"widget\" data-widget_type=\"heading.default\">\n\t\t\t\t<div class=\"elementor-widget-container\">\n\t\t\t\t\t<h2 class=\"elementor-heading-title elementor-size-default\">In Obhut Trauern - Handbuch Trauer und Trauerbegleitung in Religionen<\/h2>\t\t\t\t<\/div>\n\t\t\t\t<\/div>\n\t\t\t\t<div class=\"elementor-element elementor-element-a58da6c elementor-widget elementor-widget-text-editor\" data-id=\"a58da6c\" data-element_type=\"widget\" data-e-type=\"widget\" data-widget_type=\"text-editor.default\">\n\t\t\t\t<div class=\"elementor-widget-container\">\n\t\t\t\t\t\t\t\t\t<div class=\"cot\"><span class=\"value\">Wie trauern Menschen in verschiedenen Religionen? Auch unter Trauernden zeigt sich die religi\u00f6se und weltanschauliche Vielfalt unserer Gesellschaft, wodurch ein sensibler und respektvoller Umgang mit unterschiedlichen Perspektiven zu einer zentralen Aufgabe von Trauerbegleitung wird. Das Buch stellt den Umgang mit Trauer in Religionen dar: Welche Vorstellungen vom Sterben, Tod und Jenseits gibt es und welche Bedeutung haben diese f\u00fcr die Trauerbegleitung? Die Autorinnen und Autoren nehmen dabei Judentum und Christentum, Islam und Buddhismus sowie Spiritual Care und das wachsende Feld religionsloser Trauer in den Blick. Durch das Wissen \u00fcber die Religion und Weltanschauung des Gegen\u00fcbers k\u00f6nnen Fremdheit vermindert und Spielr\u00e4ume in der Begegnung erm\u00f6glicht werden. Die Einf\u00fchrungen in die verschiedenen Religionen werden f\u00fcr die Praxis der Trauerbegleitung aktualisiert, sodass sich das Buch an alle richtet, die in ihrem Arbeitsfeld und pers\u00f6nlicher Erfahrung Sterben, Tod, Trauer und Trauernden begegnen. Mit Beitr\u00e4gen von Esnaf Begic, Christoph Bevier, Stephan M. Probst, Josef Raischl, Carola Roloff, Stefanie Schnitzler, Thanh Ho und Georg Wenz.<\/span><\/div>\t\t\t\t\t\t\t\t<\/div>\n\t\t\t\t<\/div>\n\t\t<div class=\"elementor-element elementor-element-7b19737 e-con-full e-flex e-con e-child\" data-id=\"7b19737\" data-element_type=\"container\" data-e-type=\"container\">\n\t\t\t\t<div class=\"elementor-element elementor-element-9ac034d elementor-widget__width-initial elementor-widget elementor-widget-text-editor\" data-id=\"9ac034d\" data-element_type=\"widget\" data-e-type=\"widget\" data-widget_type=\"text-editor.default\">\n\t\t\t\t<div class=\"elementor-widget-container\">\n\t\t\t\t\t\t\t\t\t<p><span class=\"value\">Wie trauern Menschen in verschiedenen Religionen? Auch unter Trauernden zeigt sich die religi\u00f6se und weltanschauliche Vielfalt unserer Gesellschaft, wodurch ein sensibler und respektvoller Umgang mit unterschiedlichen Perspektiven zu einer zentralen Aufgabe der Trauerbegleitung wird. Das Buch besch\u00e4ftigt sich mit der spirituellen Dimension von Trauer: Welchen Umgang mit Trauer gibt es in verschiedenen Religionen und welche Bedeutung haben diese f\u00fcr die Trauerbegleitung? Die Autorinnen und Autoren nehmen dabei Judentum und Christentum, Islam und Buddhismus sowie Spiritual Care und das wachsende Feld religionsloser Trauer in den Blick.<\/span><\/p><p>Eine praxisorientiere Hilfe zur Begleitung trauernder Menschen f\u00fcr alle, die im Feld von Sterben, Tod und Trauer t\u00e4tig sind.<\/p><p><span class=\"value\">Das Buch richtet sich an alle, die beruflich wie privat Sterben, Tod, Trauer und Trauernden begegnen. Die wichtigsten Vorstellungen zu Sterben, Tod und Jenseits werden f\u00fcr verschiedene Religionen vorgestellt und f\u00fcr die praktische Trauerbegleitung beschrieben.<\/span><\/p>\t\t\t\t\t\t\t\t<\/div>\n\t\t\t\t<\/div>\n\t\t\t\t<div class=\"elementor-element elementor-element-340aa42 elementor-widget elementor-widget-image\" data-id=\"340aa42\" data-element_type=\"widget\" data-e-type=\"widget\" data-widget_type=\"image.default\">\n\t\t\t\t<div class=\"elementor-widget-container\">\n\t\t\t\t\t\t\t\t\t\t\t\t\t\t\t<img fetchpriority=\"high\" decoding=\"async\" width=\"586\" height=\"896\" src=\"https:\/\/assisijourney.org\/wp-content\/uploads\/2026\/04\/Bildschirmfoto-2026-04-14-um-14.01.24.png\" class=\"attachment-large size-large wp-image-4555\" alt=\"\" srcset=\"https:\/\/assisijourney.org\/wp-content\/uploads\/2026\/04\/Bildschirmfoto-2026-04-14-um-14.01.24.png 586w, https:\/\/assisijourney.org\/wp-content\/uploads\/2026\/04\/Bildschirmfoto-2026-04-14-um-14.01.24-196x300.png 196w\" sizes=\"(max-width: 586px) 100vw, 586px\" \/>\t\t\t\t\t\t\t\t\t\t\t\t\t\t\t<\/div>\n\t\t\t\t<\/div>\n\t\t\t\t<\/div>\n\t\t\t\t<\/div>\n\t\t\t\t\t<\/div>\n\t\t\t\t<\/div>\n\t\t\t\t<\/div>\n\t\t","protected":false},"excerpt":{"rendered":"<p>In Obhut Trauern &#8211; Handbuch Trauer und Trauerbegleitung in Religionen Wie trauern Menschen in verschiedenen Religionen? Auch unter Trauernden zeigt sich die religi\u00f6se und weltanschauliche Vielfalt unserer Gesellschaft, wodurch ein sensibler und respektvoller Umgang mit unterschiedlichen Perspektiven zu einer zentralen Aufgabe von Trauerbegleitung wird. Das Buch stellt den Umgang mit Trauer in Religionen dar: Welche [&hellip;]<\/p>\n","protected":false},"author":1,"featured_media":0,"parent":4051,"menu_order":0,"comment_status":"closed","ping_status":"closed","template":"","meta":{"site-sidebar-layout":"no-sidebar","site-content-layout":"page-builder","ast-site-content-layout":"full-width-container","site-content-style":"unboxed","site-sidebar-style":"unboxed","ast-global-header-display":"","ast-banner-title-visibility":"","ast-main-header-display":"","ast-hfb-above-header-display":"","ast-hfb-below-header-display":"","ast-hfb-mobile-header-display":"","site-post-title":"disabled","ast-breadcrumbs-content":"","ast-featured-img":"disabled","footer-sml-layout":"","ast-disable-related-posts":"","theme-transparent-header-meta":"","adv-header-id-meta":"","stick-header-meta":"","header-above-stick-meta":"","header-main-stick-meta":"","header-below-stick-meta":"","astra-migrate-meta-layouts":"set","ast-page-background-enabled":"default","ast-page-background-meta":{"desktop":{"background-color":"var(--ast-global-color-4)","background-image":"","background-repeat":"repeat","background-position":"center center","background-size":"auto","background-attachment":"scroll","background-type":"","background-media":"","overlay-type":"","overlay-color":"","overlay-opacity":"","overlay-gradient":""},"tablet":{"background-color":"","background-image":"","background-repeat":"repeat","background-position":"center center","background-size":"auto","background-attachment":"scroll","background-type":"","background-media":"","overlay-type":"","overlay-color":"","overlay-opacity":"","overlay-gradient":""},"mobile":{"background-color":"","background-image":"","background-repeat":"repeat","background-position":"center center","background-size":"auto","background-attachment":"scroll","background-type":"","background-media":"","overlay-type":"","overlay-color":"","overlay-opacity":"","overlay-gradient":""}},"ast-content-background-meta":{"desktop":{"background-color":"var(--ast-global-color-5)","background-image":"","background-repeat":"repeat","background-position":"center center","background-size":"auto","background-attachment":"scroll","background-type":"","background-media":"","overlay-type":"","overlay-color":"","overlay-opacity":"","overlay-gradient":""},"tablet":{"background-color":"var(--ast-global-color-5)","background-image":"","background-repeat":"repeat","background-position":"center center","background-size":"auto","background-attachment":"scroll","background-type":"","background-media":"","overlay-type":"","overlay-color":"","overlay-opacity":"","overlay-gradient":""},"mobile":{"background-color":"var(--ast-global-color-5)","background-image":"","background-repeat":"repeat","background-position":"center center","background-size":"auto","background-attachment":"scroll","background-type":"","background-media":"","overlay-type":"","overlay-color":"","overlay-opacity":"","overlay-gradient":""}},"footnotes":""},"class_list":["post-4423","page","type-page","status-publish","hentry"],"_links":{"self":[{"href":"https:\/\/assisijourney.org\/index.php?rest_route=\/wp\/v2\/pages\/4423","targetHints":{"allow":["GET"]}}],"collection":[{"href":"https:\/\/assisijourney.org\/index.php?rest_route=\/wp\/v2\/pages"}],"about":[{"href":"https:\/\/assisijourney.org\/index.php?rest_route=\/wp\/v2\/types\/page"}],"author":[{"embeddable":true,"href":"https:\/\/assisijourney.org\/index.php?rest_route=\/wp\/v2\/users\/1"}],"replies":[{"embeddable":true,"href":"https:\/\/assisijourney.org\/index.php?rest_route=%2Fwp%2Fv2%2Fcomments&post=4423"}],"version-history":[{"count":11,"href":"https:\/\/assisijourney.org\/index.php?rest_route=\/wp\/v2\/pages\/4423\/revisions"}],"predecessor-version":[{"id":4567,"href":"https:\/\/assisijourney.org\/index.php?rest_route=\/wp\/v2\/pages\/4423\/revisions\/4567"}],"up":[{"embeddable":true,"href":"https:\/\/assisijourney.org\/index.php?rest_route=\/wp\/v2\/pages\/4051"}],"wp:attachment":[{"href":"https:\/\/assisijourney.org\/index.php?rest_route=%2Fwp%2Fv2%2Fmedia&parent=4423"}],"curies":[{"name":"wp","href":"https:\/\/api.w.org\/{rel}","templated":true}]}}