{"id":4125,"date":"2026-03-17T17:01:42","date_gmt":"2026-03-17T17:01:42","guid":{"rendered":"https:\/\/assisijourney.org\/?page_id=4125"},"modified":"2026-03-21T21:46:11","modified_gmt":"2026-03-21T21:46:11","slug":"komposition","status":"publish","type":"page","link":"https:\/\/assisijourney.org\/?page_id=4125","title":{"rendered":"Komposition"},"content":{"rendered":"\t\t<div data-elementor-type=\"wp-page\" data-elementor-id=\"4125\" class=\"elementor elementor-4125\">\n\t\t\t\t<div class=\"elementor-element elementor-element-5aebf81 e-flex e-con-boxed e-con e-parent\" data-id=\"5aebf81\" data-element_type=\"container\" data-e-type=\"container\">\n\t\t\t\t\t<div class=\"e-con-inner\">\n\t\t\t\t<div class=\"elementor-element elementor-element-8c24e8f elementor-widget elementor-widget-heading\" data-id=\"8c24e8f\" data-element_type=\"widget\" data-e-type=\"widget\" data-widget_type=\"heading.default\">\n\t\t\t\t<div class=\"elementor-widget-container\">\n\t\t\t\t\t<h2 class=\"elementor-heading-title elementor-size-default\">Komposition<\/h2>\t\t\t\t<\/div>\n\t\t\t\t<\/div>\n\t\t\t\t<div class=\"elementor-element elementor-element-e830ea4 elementor-widget elementor-widget-text-editor\" data-id=\"e830ea4\" data-element_type=\"widget\" data-e-type=\"widget\" data-widget_type=\"text-editor.default\">\n\t\t\t\t<div class=\"elementor-widget-container\">\n\t\t\t\t\t\t\t\t\t<p>Seit gut 25 Jahre schreibe ich Musik, angeregt v.a. durch meine amerikanischen Freunde, besonders Andr\u00e9 Cirino.<\/p>\n<p>Er gab als erstes 2000 den Ansto\u00df f\u00fcr das sog. &#8222;Passionsoffizium&#8220; des Hl. Franziskus.<\/p>\n<p>Die CD, herausgegeben. zun\u00e4chst von der Universit\u00e4t St. Bonaventure\/ New York, ist vergriffen, aber das eine oder andere ist nun. zu h\u00f6ren auf der Online-Plattform des &#8222;Franciscan Rene<a href=\"https:\/\/www.thecasa.org\/\">wal Center&#8220; in Scottsdale, Arizona.<\/a><\/p>\n<p>Darauf folgte eine sehr intensive internationale Arbeit an den. Originaltexten von Franziskus und Klara von Assisi.<\/p>\n<p>Es entstand die Doppel-CD &#8222;Love Holding Love&#8220; mit 26 Mantras.<\/p>\t\t\t\t\t\t\t\t<\/div>\n\t\t\t\t<\/div>\n\t\t\t\t\t<\/div>\n\t\t\t\t<\/div>\n\t\t<div class=\"elementor-element elementor-element-52d8628 e-flex e-con-boxed e-con e-parent\" data-id=\"52d8628\" data-element_type=\"container\" data-e-type=\"container\">\n\t\t\t\t\t<div class=\"e-con-inner\">\n\t\t<div class=\"elementor-element elementor-element-7838a89 e-con-full e-flex e-con e-child\" data-id=\"7838a89\" data-element_type=\"container\" data-e-type=\"container\">\n\t\t\t\t<div class=\"elementor-element elementor-element-1c8421b elementor-widget elementor-widget-image\" data-id=\"1c8421b\" data-element_type=\"widget\" data-e-type=\"widget\" data-widget_type=\"image.default\">\n\t\t\t\t<div class=\"elementor-widget-container\">\n\t\t\t\t\t\t\t\t\t\t\t\t\t\t\t<img fetchpriority=\"high\" decoding=\"async\" width=\"1024\" height=\"1024\" src=\"https:\/\/assisijourney.org\/wp-content\/uploads\/2026\/03\/LHLCover-1024x1024.jpg\" class=\"attachment-large size-large wp-image-3715\" alt=\"\" srcset=\"https:\/\/assisijourney.org\/wp-content\/uploads\/2026\/03\/LHLCover-1024x1024.jpg 1024w, https:\/\/assisijourney.org\/wp-content\/uploads\/2026\/03\/LHLCover-300x300.jpg 300w, https:\/\/assisijourney.org\/wp-content\/uploads\/2026\/03\/LHLCover-150x150.jpg 150w, https:\/\/assisijourney.org\/wp-content\/uploads\/2026\/03\/LHLCover-768x768.jpg 768w, https:\/\/assisijourney.org\/wp-content\/uploads\/2026\/03\/LHLCover.jpg 1482w\" sizes=\"(max-width: 1024px) 100vw, 1024px\" \/>\t\t\t\t\t\t\t\t\t\t\t\t\t\t\t<\/div>\n\t\t\t\t<\/div>\n\t\t<div class=\"elementor-element elementor-element-1b12c37 e-con-full e-flex e-con e-child\" data-id=\"1b12c37\" data-element_type=\"container\" data-e-type=\"container\">\n\t\t\t\t<div class=\"elementor-element elementor-element-1dcefcf elementor-widget elementor-widget-heading\" data-id=\"1dcefcf\" data-element_type=\"widget\" data-e-type=\"widget\" data-widget_type=\"heading.default\">\n\t\t\t\t<div class=\"elementor-widget-container\">\n\t\t\t\t\t<h2 class=\"elementor-heading-title elementor-size-default\">Franziskanische Mantras<\/h2>\t\t\t\t<\/div>\n\t\t\t\t<\/div>\n\t\t\t\t<div class=\"elementor-element elementor-element-7e98045 elementor-widget elementor-widget-text-editor\" data-id=\"7e98045\" data-element_type=\"widget\" data-e-type=\"widget\" data-widget_type=\"text-editor.default\">\n\t\t\t\t<div class=\"elementor-widget-container\">\n\t\t\t\t\t\t\t\t\t<p class=\"wp-block-paragraph\">DABEI WURDE DIE ALTE GEBETSWEISE DER RUMINATION, DES WIEDERK\u00c4UENDEN WIEDERHOLENS AUFGEGRIFFEN. SCHWESTER FRANCES TERESA DOWNING, KLARISSIN AUS ENGLAND, UND PRANZISKANERPATER MURRAY BODO AUS DEN USA ALS EXZELLENTE KENNER DER QUELLEN HABEN DIE TEXTE AUSGEW\u00c4HLT UND INS ENGLISCHE \u00dcBERSETZT. IN EINER DOPPEL-CD WURDEN DIE MANTRAS 2009 IN DEN USA VER\u00d6FFENTLICHT.<\/p>\t\t\t\t\t\t\t\t<\/div>\n\t\t\t\t<\/div>\n\t\t\t\t<\/div>\n\t\t\t\t<\/div>\n\t\t\t\t\t<\/div>\n\t\t\t\t<\/div>\n\t\t<div class=\"elementor-element elementor-element-451d813 e-flex e-con-boxed e-con e-parent\" data-id=\"451d813\" data-element_type=\"container\" data-e-type=\"container\">\n\t\t\t\t\t<div class=\"e-con-inner\">\n\t\t\t\t<div class=\"elementor-element elementor-element-1e0bf90 elementor-widget elementor-widget-heading\" data-id=\"1e0bf90\" data-element_type=\"widget\" data-e-type=\"widget\" data-widget_type=\"heading.default\">\n\t\t\t\t<div class=\"elementor-widget-container\">\n\t\t\t\t\t<h2 class=\"elementor-heading-title elementor-size-default\">Mantras \"Journey of the Heart\" (Hl. Bonaventura)<\/h2>\t\t\t\t<\/div>\n\t\t\t\t<\/div>\n\t\t\t\t<div class=\"elementor-element elementor-element-bf28274 elementor-widget elementor-widget-text-editor\" data-id=\"bf28274\" data-element_type=\"widget\" data-e-type=\"widget\" data-widget_type=\"text-editor.default\">\n\t\t\t\t<div class=\"elementor-widget-container\">\n\t\t\t\t\t\t\t\t\t<p class=\"wp-block-paragraph\">In den letzten Jahren haben Andr\u00e9 Cirino OFM, Mary Esther Stewart und ich S\u00e4tze aus dem \u201eitinerarium mentis in deum\u201c aus dem Jahre 1259 des hl. Bonaventura ausgew\u00e4hlt.\u00a0<\/p><p class=\"wp-block-paragraph\">Die CD ist nur bei mir erh\u00e4ltlich.<\/p><p>\u00a0<\/p><p class=\"wp-block-paragraph\">Prolog 1:\u00a0<em>Zu Beginn besinnen wir uns auf den Anfang \u00fcberhaupt, aus dem alles hervorgegangen ist, den Ursprung allen Lichts, von dem uns alles Gute und jede vollkommene Gabe zuflie\u00dft.<\/em><\/p><p>\u00a0<\/p><figure class=\"wp-block-image size-large\"><img decoding=\"async\" class=\"wp-image-812\" src=\"https:\/\/raischl.wordpress.com\/wp-content\/uploads\/2026\/02\/in-the-beginning-2.jpg?w=1024\" sizes=\"(max-width: 1024px) 100vw, 1024px\" srcset=\"https:\/\/raischl.wordpress.com\/wp-content\/uploads\/2026\/02\/in-the-beginning-2.jpg 1024w, https:\/\/raischl.wordpress.com\/wp-content\/uploads\/2026\/02\/in-the-beginning-2.jpg?w=150 150w, https:\/\/raischl.wordpress.com\/wp-content\/uploads\/2026\/02\/in-the-beginning-2.jpg?w=300 300w, https:\/\/raischl.wordpress.com\/wp-content\/uploads\/2026\/02\/in-the-beginning-2.jpg?w=768 768w\" alt=\"\" width=\"1024\" height=\"783\" data-attachment-id=\"812\" data-permalink=\"https:\/\/raischl.wordpress.com\/mantras-st-bonaventura\/in-the-beginning-2\/\" data-orig-file=\"https:\/\/raischl.wordpress.com\/wp-content\/uploads\/2026\/02\/in-the-beginning-2.jpg\" data-orig-size=\"1024,783\" data-comments-opened=\"0\" data-image-meta=\"{&quot;aperture&quot;:&quot;0&quot;,&quot;credit&quot;:&quot;&quot;,&quot;camera&quot;:&quot;&quot;,&quot;caption&quot;:&quot;&quot;,&quot;created_timestamp&quot;:&quot;0&quot;,&quot;copyright&quot;:&quot;&quot;,&quot;focal_length&quot;:&quot;0&quot;,&quot;iso&quot;:&quot;0&quot;,&quot;shutter_speed&quot;:&quot;0&quot;,&quot;title&quot;:&quot;&quot;,&quot;orientation&quot;:&quot;0&quot;}\" data-image-title=\"in the beginning 2\" data-image-description=\"\" data-image-caption=\"\" data-medium-file=\"https:\/\/raischl.wordpress.com\/wp-content\/uploads\/2026\/02\/in-the-beginning-2.jpg?w=300\" data-large-file=\"https:\/\/raischl.wordpress.com\/wp-content\/uploads\/2026\/02\/in-the-beginning-2.jpg?w=723\" \/><\/figure><p class=\"wp-block-paragraph\">\u00a0<\/p><figure><\/figure><p>\u00a0<\/p><figure class=\"wp-block-image size-large\">Kapitel 1: <em>In der ganzen Sch\u00f6pfung kannst Du Gott erkennen, h\u00f6ren, ehren, loben und anbeten \u2013 preisen und w\u00fcrdigen!<\/em><\/figure><figure class=\"wp-block-image size-large\"><img decoding=\"async\" class=\"wp-image-815\" src=\"https:\/\/raischl.wordpress.com\/wp-content\/uploads\/2026\/02\/in-all-creation_akkorde.jpg?w=1024\" sizes=\"(max-width: 1024px) 100vw, 1024px\" srcset=\"https:\/\/raischl.wordpress.com\/wp-content\/uploads\/2026\/02\/in-all-creation_akkorde.jpg 1024w, https:\/\/raischl.wordpress.com\/wp-content\/uploads\/2026\/02\/in-all-creation_akkorde.jpg?w=150 150w, https:\/\/raischl.wordpress.com\/wp-content\/uploads\/2026\/02\/in-all-creation_akkorde.jpg?w=300 300w, https:\/\/raischl.wordpress.com\/wp-content\/uploads\/2026\/02\/in-all-creation_akkorde.jpg?w=768 768w\" alt=\"\" width=\"1024\" height=\"496\" data-attachment-id=\"815\" data-permalink=\"https:\/\/raischl.wordpress.com\/mantras-st-bonaventura\/in-all-creation_akkorde\/\" data-orig-file=\"https:\/\/raischl.wordpress.com\/wp-content\/uploads\/2026\/02\/in-all-creation_akkorde.jpg\" data-orig-size=\"1024,496\" data-comments-opened=\"0\" data-image-meta=\"{&quot;aperture&quot;:&quot;0&quot;,&quot;credit&quot;:&quot;&quot;,&quot;camera&quot;:&quot;&quot;,&quot;caption&quot;:&quot;&quot;,&quot;created_timestamp&quot;:&quot;0&quot;,&quot;copyright&quot;:&quot;&quot;,&quot;focal_length&quot;:&quot;0&quot;,&quot;iso&quot;:&quot;0&quot;,&quot;shutter_speed&quot;:&quot;0&quot;,&quot;title&quot;:&quot;&quot;,&quot;orientation&quot;:&quot;0&quot;}\" data-image-title=\"in all creation_akkorde\" data-image-description=\"\" data-image-caption=\"\" data-medium-file=\"https:\/\/raischl.wordpress.com\/wp-content\/uploads\/2026\/02\/in-all-creation_akkorde.jpg?w=300\" data-large-file=\"https:\/\/raischl.wordpress.com\/wp-content\/uploads\/2026\/02\/in-all-creation_akkorde.jpg?w=723\" \/><\/figure><div class=\"wordads-ad-wrapper wordads-ad-wrapper--gutenberg_rectangle\"><div class=\"wordads-ad\">\u00a0<\/div><\/div>\t\t\t\t\t\t\t\t<\/div>\n\t\t\t\t<\/div>\n\t\t\t\t\t<\/div>\n\t\t\t\t<\/div>\n\t\t\t\t<\/div>\n\t\t","protected":false},"excerpt":{"rendered":"<p>Komposition Seit gut 25 Jahre schreibe ich Musik, angeregt v.a. durch meine amerikanischen Freunde, besonders Andr\u00e9 Cirino. Er gab als erstes 2000 den Ansto\u00df f\u00fcr das sog. &#8222;Passionsoffizium&#8220; des Hl. Franziskus. Die CD, herausgegeben. zun\u00e4chst von der Universit\u00e4t St. Bonaventure\/ New York, ist vergriffen, aber das eine oder andere ist nun. zu h\u00f6ren auf der [&hellip;]<\/p>\n","protected":false},"author":1,"featured_media":0,"parent":0,"menu_order":0,"comment_status":"closed","ping_status":"closed","template":"","meta":{"site-sidebar-layout":"no-sidebar","site-content-layout":"page-builder","ast-site-content-layout":"full-width-container","site-content-style":"default","site-sidebar-style":"default","ast-global-header-display":"","ast-banner-title-visibility":"","ast-main-header-display":"","ast-hfb-above-header-display":"","ast-hfb-below-header-display":"","ast-hfb-mobile-header-display":"","site-post-title":"disabled","ast-breadcrumbs-content":"","ast-featured-img":"disabled","footer-sml-layout":"","ast-disable-related-posts":"","theme-transparent-header-meta":"","adv-header-id-meta":"","stick-header-meta":"","header-above-stick-meta":"","header-main-stick-meta":"","header-below-stick-meta":"","astra-migrate-meta-layouts":"set","ast-page-background-enabled":"default","ast-page-background-meta":{"desktop":{"background-color":"var(--ast-global-color-4)","background-image":"","background-repeat":"repeat","background-position":"center center","background-size":"auto","background-attachment":"scroll","background-type":"","background-media":"","overlay-type":"","overlay-color":"","overlay-opacity":"","overlay-gradient":""},"tablet":{"background-color":"","background-image":"","background-repeat":"repeat","background-position":"center center","background-size":"auto","background-attachment":"scroll","background-type":"","background-media":"","overlay-type":"","overlay-color":"","overlay-opacity":"","overlay-gradient":""},"mobile":{"background-color":"","background-image":"","background-repeat":"repeat","background-position":"center center","background-size":"auto","background-attachment":"scroll","background-type":"","background-media":"","overlay-type":"","overlay-color":"","overlay-opacity":"","overlay-gradient":""}},"ast-content-background-meta":{"desktop":{"background-color":"var(--ast-global-color-5)","background-image":"","background-repeat":"repeat","background-position":"center center","background-size":"auto","background-attachment":"scroll","background-type":"","background-media":"","overlay-type":"","overlay-color":"","overlay-opacity":"","overlay-gradient":""},"tablet":{"background-color":"var(--ast-global-color-5)","background-image":"","background-repeat":"repeat","background-position":"center center","background-size":"auto","background-attachment":"scroll","background-type":"","background-media":"","overlay-type":"","overlay-color":"","overlay-opacity":"","overlay-gradient":""},"mobile":{"background-color":"var(--ast-global-color-5)","background-image":"","background-repeat":"repeat","background-position":"center center","background-size":"auto","background-attachment":"scroll","background-type":"","background-media":"","overlay-type":"","overlay-color":"","overlay-opacity":"","overlay-gradient":""}},"footnotes":""},"class_list":["post-4125","page","type-page","status-publish","hentry"],"_links":{"self":[{"href":"https:\/\/assisijourney.org\/index.php?rest_route=\/wp\/v2\/pages\/4125","targetHints":{"allow":["GET"]}}],"collection":[{"href":"https:\/\/assisijourney.org\/index.php?rest_route=\/wp\/v2\/pages"}],"about":[{"href":"https:\/\/assisijourney.org\/index.php?rest_route=\/wp\/v2\/types\/page"}],"author":[{"embeddable":true,"href":"https:\/\/assisijourney.org\/index.php?rest_route=\/wp\/v2\/users\/1"}],"replies":[{"embeddable":true,"href":"https:\/\/assisijourney.org\/index.php?rest_route=%2Fwp%2Fv2%2Fcomments&post=4125"}],"version-history":[{"count":31,"href":"https:\/\/assisijourney.org\/index.php?rest_route=\/wp\/v2\/pages\/4125\/revisions"}],"predecessor-version":[{"id":4191,"href":"https:\/\/assisijourney.org\/index.php?rest_route=\/wp\/v2\/pages\/4125\/revisions\/4191"}],"wp:attachment":[{"href":"https:\/\/assisijourney.org\/index.php?rest_route=%2Fwp%2Fv2%2Fmedia&parent=4125"}],"curies":[{"name":"wp","href":"https:\/\/api.w.org\/{rel}","templated":true}]}}