{"id":4051,"date":"2026-03-17T14:38:08","date_gmt":"2026-03-17T14:38:08","guid":{"rendered":"https:\/\/assisijourney.org\/?page_id=4051"},"modified":"2026-04-14T08:07:13","modified_gmt":"2026-04-14T08:07:13","slug":"veroeffentlichungen","status":"publish","type":"page","link":"https:\/\/assisijourney.org\/?page_id=4051","title":{"rendered":"Ver\u00f6ffentlichungen"},"content":{"rendered":"\t\t<div data-elementor-type=\"wp-page\" data-elementor-id=\"4051\" class=\"elementor elementor-4051\">\n\t\t\t\t<div class=\"elementor-element elementor-element-c681851 e-flex e-con-boxed e-con e-parent\" data-id=\"c681851\" data-element_type=\"container\" data-e-type=\"container\">\n\t\t\t\t\t<div class=\"e-con-inner\">\n\t\t<div class=\"elementor-element elementor-element-39b8320 e-con-full e-flex e-con e-child\" data-id=\"39b8320\" data-element_type=\"container\" data-e-type=\"container\">\n\t\t\t\t<div class=\"elementor-element elementor-element-e56c3a6 elementor-widget elementor-widget-heading\" data-id=\"e56c3a6\" data-element_type=\"widget\" data-e-type=\"widget\" data-widget_type=\"heading.default\">\n\t\t\t\t<div class=\"elementor-widget-container\">\n\t\t\t\t\t<h2 class=\"elementor-heading-title elementor-size-default\">Ver\u00f6ffentlichungen von Sepp Raischl<\/h2>\t\t\t\t<\/div>\n\t\t\t\t<\/div>\n\t\t\t\t<\/div>\n\t\t\t\t\t<\/div>\n\t\t\t\t<\/div>\n\t\t<div class=\"elementor-element elementor-element-33221f8 e-flex e-con-boxed e-con e-parent\" data-id=\"33221f8\" data-element_type=\"container\" data-e-type=\"container\">\n\t\t\t\t\t<div class=\"e-con-inner\">\n\t\t<div class=\"elementor-element elementor-element-f1803a7 e-con-full e-flex e-con e-child\" data-id=\"f1803a7\" data-element_type=\"container\" data-e-type=\"container\">\n\t\t\t\t<div class=\"elementor-element elementor-element-36d4f1e elementor-widget elementor-widget-heading\" data-id=\"36d4f1e\" data-element_type=\"widget\" data-e-type=\"widget\" data-widget_type=\"heading.default\">\n\t\t\t\t<div class=\"elementor-widget-container\">\n\t\t\t\t\t<h2 class=\"elementor-heading-title elementor-size-default\">B\u00fccher<\/h2>\t\t\t\t<\/div>\n\t\t\t\t<\/div>\n\t\t\t\t<div class=\"elementor-element elementor-element-34b3fb1 elementor-widget__width-initial elementor-widget elementor-widget-text-editor\" data-id=\"34b3fb1\" data-element_type=\"widget\" data-e-type=\"widget\" data-widget_type=\"text-editor.default\">\n\t\t\t\t<div class=\"elementor-widget-container\">\n\t\t\t\t\t\t\t\t\t<p class=\"has-light-gray-background-color has-background wp-block-paragraph\">\n<\/p><ul class=\"wp-block-list\">\n<li>Raischl J, Sattelberger G, Schneider W (Hg;&nbsp;2025) Zu Hause sterben. Stuttgart: Kohlhammer.<\/li><li>Bergmann D, Raischl J (2023) Bis auf den eigenen Grund \u2013 Umgehen mit spirituellem Schmerz in Krisen und am Lebensende. G\u00f6ttingen: Vandenhoeck&amp;Ruprecht.<\/li>\n<li>Raischl J, Wasner M (Hg; 2019) Kultursensibilit\u00e4t am Lebensende: Identit\u00e4t \u2013 Kommunikation \u2013 Begleitung. Stuttgart: Kohlhammer.<\/li>\n<li>Fuchs C, Gabriel H, Raischl J, Steil H, Wohlleben U (Hg; 2012)&nbsp;<em>Palliative Geriatrie.&nbsp;<\/em>Stuttgart: Kohlhammer.<\/li>\n<li>Kuric J, Raischl J (Hg; 2003)&nbsp;<em>nahe sein, loslassen.&nbsp;<\/em>Freiburg i. B.: Herder.<\/li>\n<li>Raischl J (Hg; 2001) Mit Mut und Tatkraft zur Rettung Assisis. Assisi: Edizione Editrice.<\/li>\n<li>Cirino A, Raischl J (1999)&nbsp;<em>Auf Gott Zugehen.&nbsp;<\/em>M\u00fcnchen: Claudius Verlag.<\/li>\n<\/ul>\t\t\t\t\t\t\t\t<\/div>\n\t\t\t\t<\/div>\n\t\t\t\t<\/div>\n\t\t\t\t<div class=\"elementor-element elementor-element-71ae03f elementor-widget__width-initial elementor-widget elementor-widget-image\" data-id=\"71ae03f\" data-element_type=\"widget\" data-e-type=\"widget\" data-widget_type=\"image.default\">\n\t\t\t\t<div class=\"elementor-widget-container\">\n\t\t\t\t\t\t\t\t\t\t\t\t<figure class=\"wp-caption\">\n\t\t\t\t\t\t\t\t\t\t<img fetchpriority=\"high\" decoding=\"async\" width=\"1024\" height=\"768\" src=\"https:\/\/assisijourney.org\/wp-content\/uploads\/2026\/03\/IMG-20210816-WA0002-1024x768.jpg\" class=\"attachment-large size-large wp-image-2392\" alt=\"\" srcset=\"https:\/\/assisijourney.org\/wp-content\/uploads\/2026\/03\/IMG-20210816-WA0002-1024x768.jpg 1024w, https:\/\/assisijourney.org\/wp-content\/uploads\/2026\/03\/IMG-20210816-WA0002-300x225.jpg 300w, https:\/\/assisijourney.org\/wp-content\/uploads\/2026\/03\/IMG-20210816-WA0002-768x576.jpg 768w, https:\/\/assisijourney.org\/wp-content\/uploads\/2026\/03\/IMG-20210816-WA0002-1536x1152.jpg 1536w, https:\/\/assisijourney.org\/wp-content\/uploads\/2026\/03\/IMG-20210816-WA0002.jpg 1600w\" sizes=\"(max-width: 1024px) 100vw, 1024px\" \/>\t\t\t\t\t\t\t\t\t\t\t<figcaption class=\"widget-image-caption wp-caption-text\"><\/figcaption>\n\t\t\t\t\t\t\t\t\t\t<\/figure>\n\t\t\t\t\t\t\t\t\t<\/div>\n\t\t\t\t<\/div>\n\t\t\t\t\t<\/div>\n\t\t\t\t<\/div>\n\t\t<div class=\"elementor-element elementor-element-cae38c8 e-flex e-con-boxed e-con e-parent\" data-id=\"cae38c8\" data-element_type=\"container\" data-e-type=\"container\">\n\t\t\t\t\t<div class=\"e-con-inner\">\n\t\t<div class=\"elementor-element elementor-element-b83fe20 e-con-full e-flex e-con e-child\" data-id=\"b83fe20\" data-element_type=\"container\" data-e-type=\"container\">\n\t\t\t\t<div class=\"elementor-element elementor-element-afa2d82 elementor-widget elementor-widget-heading\" data-id=\"afa2d82\" data-element_type=\"widget\" data-e-type=\"widget\" data-widget_type=\"heading.default\">\n\t\t\t\t<div class=\"elementor-widget-container\">\n\t\t\t\t\t<h2 class=\"elementor-heading-title elementor-size-default\">Buchbeitr\u00e4ge<\/h2>\t\t\t\t<\/div>\n\t\t\t\t<\/div>\n\t\t\t\t<div class=\"elementor-element elementor-element-8780c21 elementor-widget__width-initial elementor-widget elementor-widget-text-editor\" data-id=\"8780c21\" data-element_type=\"widget\" data-e-type=\"widget\" data-widget_type=\"text-editor.default\">\n\t\t\t\t<div class=\"elementor-widget-container\">\n\t\t\t\t\t\t\t\t\t<p>\u00a0<\/p><ul class=\"wp-block-list\"><li><a href=\"https:\/\/www.kulturkaufhaus.de\/de\/detail\/ISBN-9783525409084\/Bevier-Christoph\/In-Obhut-trauern---Handbuch-Trauer-und-Trauerbegleitung-in-Religionen?wt_mc=p.sea.ecom_campaign.google.pmax_shopping_buecher.&amp;gad_source=1&amp;gad_campaignid=18908265277&amp;gbraid=0AAAAADOxNKAAGz0dtd3kML5r2URDc8Y5A&amp;gclid=Cj0KCQjwy_fOBhC6ARIsAHKFB78kvwbjQYsnfXzGdQrrHkX-HAg1_hQTODiEh7wetnH9J6jlIdX_xYwaAqnaEALw_wcB\">im Druck: Raischl J (2026)<\/a><a href=\"https:\/\/www.kulturkaufhaus.de\/de\/detail\/ISBN-9783525409084\/Bevier-Christoph\/In-Obhut-trauern---Handbuch-Trauer-und-Trauerbegleitung-in-Religionen?wt_mc=p.sea.ecom_campaign.google.pmax_shopping_buecher.&amp;gad_source=1&amp;gad_campaignid=18908265277&amp;gbraid=0AAAAADOxNKAAGz0dtd3kML5r2URDc8Y5A&amp;gclid=Cj0KCQjwy_fOBhC6ARIsAHKFB78kvwbjQYsnfXzGdQrrHkX-HAg1_hQTODiEh7wetnH9J6jlIdX_xYwaAqnaEALw_wcB\"><em>Trauer <\/em><\/a><em><a href=\"https:\/\/www.kulturkaufhaus.de\/de\/detail\/ISBN-9783525409084\/Bevier-Christoph\/In-Obhut-trauern---Handbuch-Trauer-und-Trauerbegleitung-in-Religionen?wt_mc=p.sea.ecom_campaign.google.pmax_shopping_buecher.&amp;gad_source=1&amp;gad_campaignid=18908265277&amp;gbraid=0AAAAADOxNKAAGz0dtd3kML5r2URDc8Y5A&amp;gclid=Cj0KCQjwy_fOBhC6ARIsAHKFB78kvwbjQYsnfXzGdQrrHkX-HAg1_hQTODiEh7wetnH9J6jlIdX_xYwaAqnaEALw_wcB\">und\u00a0<\/a><\/em><a href=\"https:\/\/www.kulturkaufhaus.de\/de\/detail\/ISBN-9783525409084\/Bevier-Christoph\/In-Obhut-trauern---Handbuch-Trauer-und-Trauerbegleitung-in-Religionen?wt_mc=p.sea.ecom_campaign.google.pmax_shopping_buecher.&amp;gad_source=1&amp;gad_campaignid=18908265277&amp;gbraid=0AAAAADOxNKAAGz0dtd3kML5r2URDc8Y5A&amp;gclid=Cj0KCQjwy_fOBhC6ARIsAHKFB78kvwbjQYsnfXzGdQrrHkX-HAg1_hQTODiEh7wetnH9J6jlIdX_xYwaAqnaEALw_wcB\"><em>Spiritualit\u00e4t<\/em>. In: Bevier C (Hg;2026) In Obhut trauern &#8211; Trauer und\u00a0 Trauerbegleitung in den Religionen. G\u00f6ttingen: V&amp;R<\/a>.<\/li><li>Raischl J (2025) \u201e<em>Was Ehrenamt braucht\u201c\u00a0<\/em>\u2013 Arbeit mit und f\u00fcr freiwillig Engagierte in der Hospizarbeit. In: Caro K, Graf G, Hardinghaus W. H<em>andbuch Hospiz ist Haltung.<\/em>\u00a0Stuttgart: der hospiz Verlag, S. 280 \u2013 289.<\/li><li>Raischl J, Reindl B (2025)\u00a0<em>Ehrenamtliche Sterbebegleitung \u2013 Qualit\u00e4t der Beziehungsarbeit in N\u00e4he und Distanz<\/em>. In: Raischl J, Sattelberger G, Schneider W. Zu Hause sterben. Stuttgart: Kohlhammer, S. 100-110.<\/li><li>Raischl J, Beck H (2025)\u00a0<em>Kooperation, Koordination und Vernetzung<\/em>. In: Raischl J, Sattelberger G, Schneider W. Zu Hause sterben. Stuttgart: Kohlhammer, S. 209 \u2013 216.<\/li><li>Raischl J (2001)\u00a0<em>Soziale Arbeit im Umfeld von Sterben, Tod und Trauer<\/em>\u00a0in: Everding G, Westrich A (Hg)\u00a0<em>W\u00fcrdig leben bis zum letzten Augenblick.\u00a0<\/em>M\u00fcnchen: C.H. Beck, S. 32\u201340.<\/li><li>Raischl J (2002; 2012) B<em>is zum letzten Tag-Volunteers in der Hospizarbeit<\/em>\u00a0in: Rosenkranz D, Weber A (Hg)\u00a0<em>Freiwilligenarbeit- Einf\u00fchrung in das Management von Ehrenamtlichen in der Sozialen Arbeit<\/em>\u00a0(W\u00fcrzburg: JUVENTA, S. 189-198).<\/li><li>Raischl J (2009; 2012\/2 )\u00a0<em>Aspekte von Spiritual Care in der ambulanten Hospizarbeit<\/em>\u00a0in: Frick E, Roser T (Hg)\u00a0<em>Spiritualit\u00e4t und Medizin\u00a0<\/em>(Stuttgart: Kohlhammer, S. 288-295).<\/li><li>Hagen T, Raischl J (2012\/2)\u00a0<em>Allgemeine und spezielle Kompetenzen in Spiritual Care<\/em>\u00a0in: Frick E, Roser T (Hg)\u00a0<em>Spiritualit\u00e4t und Medizin\u00a0<\/em>(Stuttgart: Kohlhammer, 280-287).<\/li><li>Raischl J, Romm\u00e9 C, Wagner U (2012)\u00a0<em>Selbstbestimmung am Lebensende<\/em>\u00a0in: Fuchs C, Gabriel H, Raischl J, Steil H, Wohlleben U (Hg: 2012)\u00a0<em>Palliative Geriatrie<\/em>. Stuttgart: Kohlhammer.<\/li><li>Raischl J\u00a0<em>Stellvertreterentscheidungen<\/em>\u00a0in: Fuchs C, Gabriel H, Raischl J, Steil H, Wohlleben U (Hg):\u00a0<em>Palliative Geriatrie<\/em>\u00a0(Stuttgart: Kohlhammer, 2012).<\/li><\/ul><div class=\"wordads-ad-wrapper wordads-ad-wrapper--gutenberg_rectangle\">\u00a0<\/div>\t\t\t\t\t\t\t\t<\/div>\n\t\t\t\t<\/div>\n\t\t\t\t<\/div>\n\t\t<div class=\"elementor-element elementor-element-32bd271 e-con-full e-flex e-con e-child\" data-id=\"32bd271\" data-element_type=\"container\" data-e-type=\"container\">\n\t\t\t\t<div class=\"elementor-element elementor-element-ccf585d elementor-widget__width-initial elementor-widget elementor-widget-image\" data-id=\"ccf585d\" data-element_type=\"widget\" data-e-type=\"widget\" data-widget_type=\"image.default\">\n\t\t\t\t<div class=\"elementor-widget-container\">\n\t\t\t\t\t\t\t\t\t\t\t\t<figure class=\"wp-caption\">\n\t\t\t\t\t\t\t\t\t\t<img decoding=\"async\" width=\"1024\" height=\"1024\" src=\"https:\/\/assisijourney.org\/wp-content\/uploads\/2026\/03\/damiano-2-1024x1024.jpg\" class=\"attachment-large size-large wp-image-2358\" alt=\"\" srcset=\"https:\/\/assisijourney.org\/wp-content\/uploads\/2026\/03\/damiano-2-1024x1024.jpg 1024w, https:\/\/assisijourney.org\/wp-content\/uploads\/2026\/03\/damiano-2-300x300.jpg 300w, https:\/\/assisijourney.org\/wp-content\/uploads\/2026\/03\/damiano-2-150x150.jpg 150w, https:\/\/assisijourney.org\/wp-content\/uploads\/2026\/03\/damiano-2-768x768.jpg 768w, https:\/\/assisijourney.org\/wp-content\/uploads\/2026\/03\/damiano-2-1536x1536.jpg 1536w, https:\/\/assisijourney.org\/wp-content\/uploads\/2026\/03\/damiano-2-2048x2048.jpg 2048w\" sizes=\"(max-width: 1024px) 100vw, 1024px\" \/>\t\t\t\t\t\t\t\t\t\t\t<figcaption class=\"widget-image-caption wp-caption-text\">Blick aus Assisi auf die umbrische Ebene<\/figcaption>\n\t\t\t\t\t\t\t\t\t\t<\/figure>\n\t\t\t\t\t\t\t\t\t<\/div>\n\t\t\t\t<\/div>\n\t\t\t\t<div class=\"elementor-element elementor-element-376d42d elementor-widget elementor-widget-text-editor\" data-id=\"376d42d\" data-element_type=\"widget\" data-e-type=\"widget\" data-widget_type=\"text-editor.default\">\n\t\t\t\t<div class=\"elementor-widget-container\">\n\t\t\t\t\t\t\t\t\t<ul class=\"wp-block-list\"><li style=\"font-size: 16px;\">Raischl J, Wohlleben U\u00a0<em>Psychosoziale Unterst\u00fctzung von Angeh\u00f6rigen, die Stellvertreterentscheidungen zu treffen haben,<\/em>\u00a0in: Fuchs C, Gabriel H, Raischl J, Steil H, Wohlleben U (eds.):\u00a0<em>Palliative Geriatrie<\/em>\u00a0(Stuttgart: Kohlhammer, 2012.<\/li><li style=\"font-size: 16px;\">Raischl J, Steil H, Wohlleben U\u00a0<em>Palliativ-Geriatrischer Dienst \u2013 Ein Beratungs- und Unterst\u00fctzungskonzept f\u00fcr M\u00fcnchener Pflegeheime<\/em>\u00a0in: Fuchs C, Gabriel H, Raischl J, Steil H, Wohlleben U (Hg)\u00a0<em>Palliative Geriatrie<\/em>\u00a0(Stuttgart: Kohlhammer, 2012).<\/li><li style=\"font-size: 16px;\">Raischl J, Reigber H\u00a0<em>Soziale Arbeit in Palliative Care: Entwicklungen am Beispiel des Christophorus Hospiz Verein e.V. in M\u00fcnchen\u00a0<\/em>in: Pankover, Wasner M (Hg)\u00a0<em>Soziale Arbeit in Palliative Care\u00a0<\/em>(Stuttgart: Kohlhammer, 2012).<\/li><li>Raischl J\u00a0<em>Soziale Arbeit im Ambulanten Hospizdienst\u00a0<\/em>in: Pankover, Wasner M (Hg)\u00a0<em>Soziale Arbeit in Palliative Care\u00a0<\/em>(Stuttgart: Kohlhammer, 2012).<\/li><li>Raischl J\u00a0<em>Ebenen und Aspekte von Gremienarbeit in Palliative Care\u00a0<\/em>in: Pankover, Wasner M (Hg)\u00a0<em>Soziale Arbeit in Palliative Care\u00a0<\/em>(Stuttgart: Kohlhammer, 2012).<\/li><\/ul>\t\t\t\t\t\t\t\t<\/div>\n\t\t\t\t<\/div>\n\t\t\t\t<\/div>\n\t\t\t\t\t<\/div>\n\t\t\t\t<\/div>\n\t\t<div class=\"elementor-element elementor-element-8cb9d69 e-flex e-con-boxed e-con e-parent\" data-id=\"8cb9d69\" data-element_type=\"container\" data-e-type=\"container\">\n\t\t\t\t\t<div class=\"e-con-inner\">\n\t\t\t\t<div class=\"elementor-element elementor-element-33813af elementor-widget__width-initial elementor-widget elementor-widget-image\" data-id=\"33813af\" data-element_type=\"widget\" data-e-type=\"widget\" data-widget_type=\"image.default\">\n\t\t\t\t<div class=\"elementor-widget-container\">\n\t\t\t\t\t\t\t\t\t\t\t\t<figure class=\"wp-caption\">\n\t\t\t\t\t\t\t\t\t\t<img decoding=\"async\" width=\"1024\" height=\"1024\" src=\"https:\/\/assisijourney.org\/wp-content\/uploads\/2026\/03\/20221113_160250-1024x1024.jpg\" class=\"attachment-large size-large wp-image-2364\" alt=\"\" srcset=\"https:\/\/assisijourney.org\/wp-content\/uploads\/2026\/03\/20221113_160250-1024x1024.jpg 1024w, https:\/\/assisijourney.org\/wp-content\/uploads\/2026\/03\/20221113_160250-300x300.jpg 300w, https:\/\/assisijourney.org\/wp-content\/uploads\/2026\/03\/20221113_160250-150x150.jpg 150w, https:\/\/assisijourney.org\/wp-content\/uploads\/2026\/03\/20221113_160250-768x768.jpg 768w, https:\/\/assisijourney.org\/wp-content\/uploads\/2026\/03\/20221113_160250-1536x1536.jpg 1536w, https:\/\/assisijourney.org\/wp-content\/uploads\/2026\/03\/20221113_160250-2048x2048.jpg 2048w\" sizes=\"(max-width: 1024px) 100vw, 1024px\" \/>\t\t\t\t\t\t\t\t\t\t\t<figcaption class=\"widget-image-caption wp-caption-text\">\u00d6lbaum in Assisi<\/figcaption>\n\t\t\t\t\t\t\t\t\t\t<\/figure>\n\t\t\t\t\t\t\t\t\t<\/div>\n\t\t\t\t<\/div>\n\t\t<div class=\"elementor-element elementor-element-4f6cc23 e-con-full e-flex e-con e-child\" data-id=\"4f6cc23\" data-element_type=\"container\" data-e-type=\"container\">\n\t\t\t\t<div class=\"elementor-element elementor-element-0ab642b elementor-widget elementor-widget-heading\" data-id=\"0ab642b\" data-element_type=\"widget\" data-e-type=\"widget\" data-widget_type=\"heading.default\">\n\t\t\t\t<div class=\"elementor-widget-container\">\n\t\t\t\t\t<h2 class=\"elementor-heading-title elementor-size-default\">Beitr\u00e4ge&nbsp;ver\u00f6ffentlicht&nbsp;in&nbsp;Zeitschriften<\/h2>\t\t\t\t<\/div>\n\t\t\t\t<\/div>\n\t\t\t\t<div class=\"elementor-element elementor-element-488b317 elementor-widget__width-initial elementor-widget elementor-widget-text-editor\" data-id=\"488b317\" data-element_type=\"widget\" data-e-type=\"widget\" data-widget_type=\"text-editor.default\">\n\t\t\t\t<div class=\"elementor-widget-container\">\n\t\t\t\t\t\t\t\t\t<ul class=\"wp-block-list\">\n<li>Raischl J (3\/2019) Spirituelle Dimensionen des Schmerzes \u2013 was \u201etotal pain\u201c auch noch bedeuten k\u00f6nnte. In: die hospizzeitschrift palliative care. Esslingen Nr. 83. Esslingen, der hospizverlag.<\/li>\n<li>Heimerl K, Raischl J (Heftredaktion 3\/2019) Spiritueller Schmerz. die hospizzeitschrift palliative care. Esslingen, der hospizverlag.<\/li>\n<li>Frick E, Raischl J (Heftredaktion 2018) Spiritualit\u00e4t und Palliative Care in: Spiritual Care Vol. 7, 2. Berlin, De Gruyter.<\/li>\n<li>Raischl J, Riedel A (Heftredaktion 2018) Wie wir sterben wollen. In: die hospizzeitschrift palliative care 3\/2018 Nr. 78. Esslingen, der hospizverlag.<\/li>\n<li>Raischl J (3\/2018) Wie wir sterben (wollen) \u2013 J\u00f6rg Augustin, Katarina Thei\u00dfing, Dorothea Bergmann, Kerstin Hummel, Claudia M\u00e4\u00dfiggang und Theodor Degkwitz im Gespr\u00e4ch mit Josef Raischl. In: die hospizzeitschrift palliative care Nr. 78. Esslingen, der hospizverlag.<\/li><li>Frick E (2018) Interview in Spiritual Care<\/li>\n<li><a href=\"https:\/\/www.chv.org\/fileadmin\/data\/downloads\/chv_aktuell\/CHV_Aktuell_Nr_76_Nov_2018.pdf\">Raischl S (2018) Selbstbestimmung von Menschen mit einer Demenzerkrankung. In: CHV Aktuell 76, II 2018, S. 10-17.<\/a><\/li>\n<li>Raischl S&nbsp;<em>(2017) Wie wir sterben (wollen) \u2013 Interview&nbsp;<\/em>in die hospizzeitschrift III 2017.<\/li>\n<li>Hirsch B, Raischl J (2001)&nbsp;<em>Wie wir Sterbende begleiten \u2013 Aus der Praxis des Ambulanten Hospiz- und Palliativ- Beratungsdienstes des Christophorus Hospiz Vereins in M\u00fcnchen<\/em>, in: Pflegeimpuls 2001.<\/li>\n<li>Raischl J,&nbsp;<em>Soziale Arbeit in Palliative Care. Stellenwert innerhalb des multiprofessionellen Teams \u2013 Qualit\u00e4tskriterien \u2013 Fortbildung<\/em> in: Forum Sozialarbeit.<\/li>\n<\/ul><div class=\"entry-content\">\n<\/div>\t\t\t\t\t\t\t\t<\/div>\n\t\t\t\t<\/div>\n\t\t\t\t<\/div>\n\t\t\t\t\t<\/div>\n\t\t\t\t<\/div>\n\t\t\t\t<\/div>\n\t\t","protected":false},"excerpt":{"rendered":"<p>Ver\u00f6ffentlichungen von Sepp Raischl B\u00fccher Raischl J, Sattelberger G, Schneider W (Hg;&nbsp;2025) Zu Hause sterben. Stuttgart: Kohlhammer. Bergmann D, Raischl J (2023) Bis auf den eigenen Grund \u2013 Umgehen mit spirituellem Schmerz in Krisen und am Lebensende. G\u00f6ttingen: Vandenhoeck&amp;Ruprecht. Raischl J, Wasner M (Hg; 2019) Kultursensibilit\u00e4t am Lebensende: Identit\u00e4t \u2013 Kommunikation \u2013 Begleitung. Stuttgart: Kohlhammer. [&hellip;]<\/p>\n","protected":false},"author":1,"featured_media":0,"parent":0,"menu_order":0,"comment_status":"closed","ping_status":"closed","template":"","meta":{"site-sidebar-layout":"no-sidebar","site-content-layout":"page-builder","ast-site-content-layout":"full-width-container","site-content-style":"default","site-sidebar-style":"default","ast-global-header-display":"","ast-banner-title-visibility":"","ast-main-header-display":"","ast-hfb-above-header-display":"","ast-hfb-below-header-display":"","ast-hfb-mobile-header-display":"","site-post-title":"disabled","ast-breadcrumbs-content":"","ast-featured-img":"disabled","footer-sml-layout":"","ast-disable-related-posts":"","theme-transparent-header-meta":"","adv-header-id-meta":"","stick-header-meta":"","header-above-stick-meta":"","header-main-stick-meta":"","header-below-stick-meta":"","astra-migrate-meta-layouts":"set","ast-page-background-enabled":"default","ast-page-background-meta":{"desktop":{"background-color":"var(--ast-global-color-4)","background-image":"","background-repeat":"repeat","background-position":"center center","background-size":"auto","background-attachment":"scroll","background-type":"","background-media":"","overlay-type":"","overlay-color":"","overlay-opacity":"","overlay-gradient":""},"tablet":{"background-color":"","background-image":"","background-repeat":"repeat","background-position":"center center","background-size":"auto","background-attachment":"scroll","background-type":"","background-media":"","overlay-type":"","overlay-color":"","overlay-opacity":"","overlay-gradient":""},"mobile":{"background-color":"","background-image":"","background-repeat":"repeat","background-position":"center center","background-size":"auto","background-attachment":"scroll","background-type":"","background-media":"","overlay-type":"","overlay-color":"","overlay-opacity":"","overlay-gradient":""}},"ast-content-background-meta":{"desktop":{"background-color":"var(--ast-global-color-5)","background-image":"","background-repeat":"repeat","background-position":"center center","background-size":"auto","background-attachment":"scroll","background-type":"","background-media":"","overlay-type":"","overlay-color":"","overlay-opacity":"","overlay-gradient":""},"tablet":{"background-color":"var(--ast-global-color-5)","background-image":"","background-repeat":"repeat","background-position":"center center","background-size":"auto","background-attachment":"scroll","background-type":"","background-media":"","overlay-type":"","overlay-color":"","overlay-opacity":"","overlay-gradient":""},"mobile":{"background-color":"var(--ast-global-color-5)","background-image":"","background-repeat":"repeat","background-position":"center center","background-size":"auto","background-attachment":"scroll","background-type":"","background-media":"","overlay-type":"","overlay-color":"","overlay-opacity":"","overlay-gradient":""}},"footnotes":""},"class_list":["post-4051","page","type-page","status-publish","hentry"],"_links":{"self":[{"href":"https:\/\/assisijourney.org\/index.php?rest_route=\/wp\/v2\/pages\/4051","targetHints":{"allow":["GET"]}}],"collection":[{"href":"https:\/\/assisijourney.org\/index.php?rest_route=\/wp\/v2\/pages"}],"about":[{"href":"https:\/\/assisijourney.org\/index.php?rest_route=\/wp\/v2\/types\/page"}],"author":[{"embeddable":true,"href":"https:\/\/assisijourney.org\/index.php?rest_route=\/wp\/v2\/users\/1"}],"replies":[{"embeddable":true,"href":"https:\/\/assisijourney.org\/index.php?rest_route=%2Fwp%2Fv2%2Fcomments&post=4051"}],"version-history":[{"count":37,"href":"https:\/\/assisijourney.org\/index.php?rest_route=\/wp\/v2\/pages\/4051\/revisions"}],"predecessor-version":[{"id":4554,"href":"https:\/\/assisijourney.org\/index.php?rest_route=\/wp\/v2\/pages\/4051\/revisions\/4554"}],"wp:attachment":[{"href":"https:\/\/assisijourney.org\/index.php?rest_route=%2Fwp%2Fv2%2Fmedia&parent=4051"}],"curies":[{"name":"wp","href":"https:\/\/api.w.org\/{rel}","templated":true}]}}