{"id":4045,"date":"2026-03-17T14:37:10","date_gmt":"2026-03-17T14:37:10","guid":{"rendered":"https:\/\/assisijourney.org\/?page_id=4045"},"modified":"2026-03-21T22:06:33","modified_gmt":"2026-03-21T22:06:33","slug":"sepp-raischl","status":"publish","type":"page","link":"https:\/\/assisijourney.org\/?page_id=4045","title":{"rendered":"Sepp Raischl"},"content":{"rendered":"\t\t<div data-elementor-type=\"wp-page\" data-elementor-id=\"4045\" class=\"elementor elementor-4045\">\n\t\t\t\t<div class=\"elementor-element elementor-element-57a7d20 e-flex e-con-boxed e-con e-parent\" data-id=\"57a7d20\" data-element_type=\"container\" data-e-type=\"container\">\n\t\t\t\t\t<div class=\"e-con-inner\">\n\t\t\t\t<div class=\"elementor-element elementor-element-185cd22 elementor-widget elementor-widget-heading\" data-id=\"185cd22\" data-element_type=\"widget\" data-e-type=\"widget\" data-widget_type=\"heading.default\">\n\t\t\t\t<div class=\"elementor-widget-container\">\n\t\t\t\t\t<h2 class=\"elementor-heading-title elementor-size-default\">Sepp Raischl<\/h2>\t\t\t\t<\/div>\n\t\t\t\t<\/div>\n\t\t\t\t<div class=\"elementor-element elementor-element-a4117cc elementor-widget elementor-widget-text-editor\" data-id=\"a4117cc\" data-element_type=\"widget\" data-e-type=\"widget\" data-widget_type=\"text-editor.default\">\n\t\t\t\t<div class=\"elementor-widget-container\">\n\t\t\t\t\t\t\t\t\t<p>Egererstra\u00dfe 17a<br \/>85221 Dachau<br \/>08131 2281<br \/>0151 1817 7181<br \/>josef.raischl@t-online.de<\/p>\t\t\t\t\t\t\t\t<\/div>\n\t\t\t\t<\/div>\n\t\t<div class=\"elementor-element elementor-element-a853239 e-con-full e-flex e-con e-child\" data-id=\"a853239\" data-element_type=\"container\" data-e-type=\"container\">\n\t\t<div class=\"elementor-element elementor-element-0f5a4df e-con-full e-flex e-con e-child\" data-id=\"0f5a4df\" data-element_type=\"container\" data-e-type=\"container\">\n\t\t\t\t<div class=\"elementor-element elementor-element-8e9959d elementor-widget elementor-widget-heading\" data-id=\"8e9959d\" data-element_type=\"widget\" data-e-type=\"widget\" data-widget_type=\"heading.default\">\n\t\t\t\t<div class=\"elementor-widget-container\">\n\t\t\t\t\t<h2 class=\"elementor-heading-title elementor-size-default\">Biographisches<\/h2>\t\t\t\t<\/div>\n\t\t\t\t<\/div>\n\t\t\t\t<div class=\"elementor-element elementor-element-8f50464 elementor-widget elementor-widget-text-editor\" data-id=\"8f50464\" data-element_type=\"widget\" data-e-type=\"widget\" data-widget_type=\"text-editor.default\">\n\t\t\t\t<div class=\"elementor-widget-container\">\n\t\t\t\t\t\t\t\t\t<p class=\"wp-block-paragraph\" style=\"box-sizing: inherit; margin-bottom: 1.5em; color: #404040; font-family: Alegreya, serif; font-size: 19px; font-style: normal; font-weight: 400;\">geboren in Alt\u00f6tting<br \/>verheiratet, drei Kinder<br \/>1979 -1984: Studium kath. Theologe in Eichst\u00e4tt und Canterbury (Dipl. Theol. Univ.)<br \/>1985 \u2013 1986 Pastoralstudium an der Franziskanerhochschule in M\u00fcnster<br \/>1987 \u2013 1988: Studium Franziskanische Spiritualit\u00e4t in Rom<br \/>1989 \u2013 1992: Studium Soziale Arbeit in M\u00fcnchen (Dipl. Sozialp\u00e4d. FH)<\/p>\t\t\t\t\t\t\t\t<\/div>\n\t\t\t\t<\/div>\n\t\t\t\t<\/div>\n\t\t\t\t<div class=\"elementor-element elementor-element-966662f elementor-widget elementor-widget-image\" data-id=\"966662f\" data-element_type=\"widget\" data-e-type=\"widget\" data-widget_type=\"image.default\">\n\t\t\t\t<div class=\"elementor-widget-container\">\n\t\t\t\t\t\t\t\t\t\t\t\t\t\t\t<img fetchpriority=\"high\" decoding=\"async\" width=\"201\" height=\"300\" src=\"https:\/\/assisijourney.org\/wp-content\/uploads\/2026\/03\/sepp-raischl_2022.jpg\" class=\"attachment-large size-large wp-image-214\" alt=\"\" \/>\t\t\t\t\t\t\t\t\t\t\t\t\t\t\t<\/div>\n\t\t\t\t<\/div>\n\t\t\t\t<\/div>\n\t\t\t\t\t<\/div>\n\t\t\t\t<\/div>\n\t\t<div class=\"elementor-element elementor-element-8598ed9 e-flex e-con-boxed e-con e-parent\" data-id=\"8598ed9\" data-element_type=\"container\" data-e-type=\"container\">\n\t\t\t\t\t<div class=\"e-con-inner\">\n\t\t\t\t<div class=\"elementor-element elementor-element-b6aefa1 elementor-widget elementor-widget-heading\" data-id=\"b6aefa1\" data-element_type=\"widget\" data-e-type=\"widget\" data-widget_type=\"heading.default\">\n\t\t\t\t<div class=\"elementor-widget-container\">\n\t\t\t\t\t<h2 class=\"elementor-heading-title elementor-size-default\">Berufliche T\u00e4tigkeit<\/h2>\t\t\t\t<\/div>\n\t\t\t\t<\/div>\n\t\t\t\t<div class=\"elementor-element elementor-element-6ffa3ad elementor-widget elementor-widget-text-editor\" data-id=\"6ffa3ad\" data-element_type=\"widget\" data-e-type=\"widget\" data-widget_type=\"text-editor.default\">\n\t\t\t\t<div class=\"elementor-widget-container\">\n\t\t\t\t\t\t\t\t\t<ul><li style=\"box-sizing: inherit; color: #404040; font-style: normal; font-weight: 400;\"><span style=\"font-family: Alegreya, serif;\"><span style=\"font-size: 19px;\">1992 bis 2024: <a href=\"https:\/\/www.chv.org\/\">Christophorus Hospiz Verein e.V.<\/a><\/span><\/span><span style=\"font-family: Alegreya, serif;\"><span style=\"font-size: 19px;\"><br \/><\/span><\/span><span style=\"font-family: -webkit-standard; font-size: medium; box-sizing: inherit;\">Fachliche Gesamtleitung<\/span><span style=\"font-family: Alegreya, serif;\"><span style=\"font-size: 19px;\">\u00a0\u2013\u00a0<\/span><\/span><span style=\"font-family: -webkit-standard; font-size: medium; box-sizing: inherit;\"><a href=\"https:\/\/www.chv-ibb.org\/\">Leitung Christophorus Hospiz Institut f\u00fcr Bildung und Begegnung<\/a><\/span><span style=\"font-family: Alegreya, serif;\"><span style=\"font-size: 19px;\"> &#8211; <\/span><\/span><span style=\"font-family: Alegreya, serif;\"><span style=\"font-size: 19px;\">\u00a0<\/span><\/span><span style=\"font-family: -webkit-standard; font-size: medium; box-sizing: inherit;\">Vorstandsmitglied<\/span><\/li><li style=\"box-sizing: inherit; color: #404040; font-style: normal; font-weight: 400;\">seit 2017 Reihe <a style=\"font-size: 16px; font-style: normal; font-weight: 400; background-color: #ffffff;\" href=\"https:\/\/www.chv-ibb.org\/angebote\/spiritualitaet-und-ethik\/philosophieren\">&#8222;Philosophieren im Hospiz&#8220; im Christophorus Hospiz<\/a><\/li><li style=\"box-sizing: inherit; color: #404040; font-style: normal; font-weight: 400;\">Seminare im Rahmen der <a style=\"font-size: 16px; font-style: normal; font-weight: 400; background-color: #ffffff;\" href=\"https:\/\/institut.caritas-nah-am-naechsten.de\/institut-fuer-bildung-und-entwicklung\/weiterbildung\/spirituelle-angebote\/programm_2026.pdf\">Besinnungstage f\u00fcr den Caritasverband der Erzdi\u00f6zese M\u00fcnchen\/Freising<\/a><\/li><li style=\"box-sizing: inherit; color: #404040; font-style: normal; font-weight: 400;\">j\u00e4hrlich gegen Ende November ein 2-t\u00e4giges <a style=\"font-size: 16px; font-style: normal; font-weight: 400; background-color: #ffffff;\" href=\"https:\/\/www.juliusspital-palliativakademie.de\/programmkalender\/index.html?ev%5Bid%5D=8507\">Seminar in der Palliativakademie des Juliusspitals W\u00fcrzburg<\/a><\/li><li style=\"box-sizing: inherit; color: #404040; font-style: normal; font-weight: 400;\">seit<span style=\"font-size: medium; box-sizing: inherit;\">\u00a02025 Mitglied des Aufsichtsrates<\/span><span style=\"font-size: 16px; font-style: normal; font-weight: 400;\"> Christophorus Hospiz Verein e.V.<\/span><\/li><li style=\"box-sizing: inherit; color: #404040; font-style: normal; font-weight: 400;\">von 2017 &#8211; 2024 Sprecher des\u00a0<a style=\"background-color: #ffffff;\" href=\"https:\/\/hpn-muenchen.de\/\" target=\"_blank\" rel=\"noopener\">Hospiz- und Palliativnetzwerkes M\u00fcnchen<\/a><\/li><li style=\"box-sizing: inherit; color: #404040; font-style: normal; font-weight: 400;\">seit 1999 bis heute Autorenkreis Vorsorge des Bayer. Justizministeriums<\/li><li style=\"box-sizing: inherit; color: #404040; font-style: normal; font-weight: 400;\">seit 2009 bis 2028 Ethikbeirat der Hilfe im Alter gGmbH<\/li><li style=\"box-sizing: inherit; color: #404040; font-style: normal; font-weight: 400;\">seit 2017 bis heute Mitglied des Herausgeberbeirats der <a href=\"https:\/\/www.dhpv.de\/medien_hospiz-zeitschrift.html\">hospizzeitschrift (Dt. Hospiz- und PalliativVerband)<\/a><\/li><li style=\"box-sizing: inherit; color: #404040; font-style: normal; font-weight: 400;\">2019 bis heute\u00a0\u00a0Leitung\u00a0\u00a0des Redaktionsteams CHV-Aktuell<\/li><li style=\"box-sizing: inherit; color: #404040; font-style: normal; font-weight: 400;\">seit 2024 freier Referent (Vortr\u00e4ge, Seminare, Buchver\u00f6ffentlichungen)<\/li><li style=\"box-sizing: inherit; color: #404040; font-style: normal; font-weight: 400;\">von 1978 \u2013 1988 Mitglied der franziskanischen Ordensgemeinschaft der Kapuziner <br \/>mit Stationen in Laufen a.d. Salzach, Eichst\u00e4tt, Canterbury\/ England, Regensburg und M\u00fcnster, M\u00fcnchen, Alt\u00f6tting, Rom<\/li><\/ul>\t\t\t\t\t\t\t\t<\/div>\n\t\t\t\t<\/div>\n\t\t\t\t\t<\/div>\n\t\t\t\t<\/div>\n\t\t\t\t<\/div>\n\t\t","protected":false},"excerpt":{"rendered":"<p>Sepp Raischl Egererstra\u00dfe 17a85221 Dachau08131 22810151 1817 7181josef.raischl@t-online.de Biographisches geboren in Alt\u00f6ttingverheiratet, drei Kinder1979 -1984: Studium kath. Theologe in Eichst\u00e4tt und Canterbury (Dipl. Theol. Univ.)1985 \u2013 1986 Pastoralstudium an der Franziskanerhochschule in M\u00fcnster1987 \u2013 1988: Studium Franziskanische Spiritualit\u00e4t in Rom1989 \u2013 1992: Studium Soziale Arbeit in M\u00fcnchen (Dipl. Sozialp\u00e4d. FH) Berufliche T\u00e4tigkeit 1992 bis 2024: [&hellip;]<\/p>\n","protected":false},"author":1,"featured_media":0,"parent":0,"menu_order":0,"comment_status":"closed","ping_status":"closed","template":"","meta":{"site-sidebar-layout":"no-sidebar","site-content-layout":"page-builder","ast-site-content-layout":"full-width-container","site-content-style":"default","site-sidebar-style":"default","ast-global-header-display":"","ast-banner-title-visibility":"","ast-main-header-display":"","ast-hfb-above-header-display":"","ast-hfb-below-header-display":"","ast-hfb-mobile-header-display":"","site-post-title":"disabled","ast-breadcrumbs-content":"","ast-featured-img":"disabled","footer-sml-layout":"","ast-disable-related-posts":"","theme-transparent-header-meta":"","adv-header-id-meta":"","stick-header-meta":"","header-above-stick-meta":"","header-main-stick-meta":"","header-below-stick-meta":"","astra-migrate-meta-layouts":"set","ast-page-background-enabled":"default","ast-page-background-meta":{"desktop":{"background-color":"var(--ast-global-color-4)","background-image":"","background-repeat":"repeat","background-position":"center center","background-size":"auto","background-attachment":"scroll","background-type":"","background-media":"","overlay-type":"","overlay-color":"","overlay-opacity":"","overlay-gradient":""},"tablet":{"background-color":"","background-image":"","background-repeat":"repeat","background-position":"center center","background-size":"auto","background-attachment":"scroll","background-type":"","background-media":"","overlay-type":"","overlay-color":"","overlay-opacity":"","overlay-gradient":""},"mobile":{"background-color":"","background-image":"","background-repeat":"repeat","background-position":"center center","background-size":"auto","background-attachment":"scroll","background-type":"","background-media":"","overlay-type":"","overlay-color":"","overlay-opacity":"","overlay-gradient":""}},"ast-content-background-meta":{"desktop":{"background-color":"var(--ast-global-color-5)","background-image":"","background-repeat":"repeat","background-position":"center center","background-size":"auto","background-attachment":"scroll","background-type":"","background-media":"","overlay-type":"","overlay-color":"","overlay-opacity":"","overlay-gradient":""},"tablet":{"background-color":"var(--ast-global-color-5)","background-image":"","background-repeat":"repeat","background-position":"center center","background-size":"auto","background-attachment":"scroll","background-type":"","background-media":"","overlay-type":"","overlay-color":"","overlay-opacity":"","overlay-gradient":""},"mobile":{"background-color":"var(--ast-global-color-5)","background-image":"","background-repeat":"repeat","background-position":"center center","background-size":"auto","background-attachment":"scroll","background-type":"","background-media":"","overlay-type":"","overlay-color":"","overlay-opacity":"","overlay-gradient":""}},"footnotes":""},"class_list":["post-4045","page","type-page","status-publish","hentry"],"_links":{"self":[{"href":"https:\/\/assisijourney.org\/index.php?rest_route=\/wp\/v2\/pages\/4045","targetHints":{"allow":["GET"]}}],"collection":[{"href":"https:\/\/assisijourney.org\/index.php?rest_route=\/wp\/v2\/pages"}],"about":[{"href":"https:\/\/assisijourney.org\/index.php?rest_route=\/wp\/v2\/types\/page"}],"author":[{"embeddable":true,"href":"https:\/\/assisijourney.org\/index.php?rest_route=\/wp\/v2\/users\/1"}],"replies":[{"embeddable":true,"href":"https:\/\/assisijourney.org\/index.php?rest_route=%2Fwp%2Fv2%2Fcomments&post=4045"}],"version-history":[{"count":28,"href":"https:\/\/assisijourney.org\/index.php?rest_route=\/wp\/v2\/pages\/4045\/revisions"}],"predecessor-version":[{"id":4204,"href":"https:\/\/assisijourney.org\/index.php?rest_route=\/wp\/v2\/pages\/4045\/revisions\/4204"}],"wp:attachment":[{"href":"https:\/\/assisijourney.org\/index.php?rest_route=%2Fwp%2Fv2%2Fmedia&parent=4045"}],"curies":[{"name":"wp","href":"https:\/\/api.w.org\/{rel}","templated":true}]}}