{"id":4042,"date":"2026-03-17T14:36:43","date_gmt":"2026-03-17T14:36:43","guid":{"rendered":"https:\/\/assisijourney.org\/?page_id=4042"},"modified":"2026-03-17T14:50:09","modified_gmt":"2026-03-17T14:50:09","slug":"oberstarzt-dr-valentin-mueller","status":"publish","type":"page","link":"https:\/\/assisijourney.org\/?page_id=4042","title":{"rendered":"Oberstarzt Dr. Valentin M\u00fcller"},"content":{"rendered":"\t\t<div data-elementor-type=\"wp-page\" data-elementor-id=\"4042\" class=\"elementor elementor-4042\">\n\t\t\t\t<div class=\"elementor-element elementor-element-67eb880 e-flex e-con-boxed e-con e-parent\" data-id=\"67eb880\" data-element_type=\"container\" data-e-type=\"container\">\n\t\t\t\t\t<div class=\"e-con-inner\">\n\t\t\t\t<div class=\"elementor-element elementor-element-870ad09 elementor-widget elementor-widget-heading\" data-id=\"870ad09\" data-element_type=\"widget\" data-e-type=\"widget\" data-widget_type=\"heading.default\">\n\t\t\t\t<div class=\"elementor-widget-container\">\n\t\t\t\t\t<h2 class=\"elementor-heading-title elementor-size-default\">Dr. Valentin M\u00fcller<\/h2>\t\t\t\t<\/div>\n\t\t\t\t<\/div>\n\t\t\t\t<div class=\"elementor-element elementor-element-002c530 elementor-widget elementor-widget-text-editor\" data-id=\"002c530\" data-element_type=\"widget\" data-e-type=\"widget\" data-widget_type=\"text-editor.default\">\n\t\t\t\t<div class=\"elementor-widget-container\">\n\t\t\t\t\t\t\t\t\t<p class=\"wp-block-paragraph\">Bernadette\u00b4s Gro\u00dfvater war\u00a0<a href=\"http:\/\/de.wikipedia.org\/wiki\/Valentin_M%C3%BCller\">Dr. Valentin M\u00fcller<\/a>, praktischer Arzt zuletzt in Eichst\u00e4tt, der 1944 als Stadtkommandant von Assisi sich couragiert f\u00fcr Stadt und Bev\u00f6lkerung eingesetzt hat.<\/p><p class=\"wp-block-paragraph\"><strong>Ein Eichst\u00e4tter Arzt als Retter von Assisi \u2013 Francesco Santuccis Monographie liegt nun als deutsche \u00dcbersetzung aus dem Italienischen vor.<\/strong><\/p><p>\u00a0<\/p><p class=\"wp-block-paragraph\">Eichst\u00e4tt, 20.04.2000. (pde) \u2013 Assisi im Juni 1944: Die Stadt, in der der heilige Franziskus und die heilige Klara wirkten, ist in gro\u00dfer Gefahr. Die Alliierten dr\u00e4ngen in Italien die Deutschen von Norden her immer st\u00e4rker zur\u00fcck. Es kommt zu einer Politik der verbrannten Erde \u2013 unsch\u00e4tzbare Denkm\u00e4ler der Kunst gehen auf dem R\u00fcckzug in Flammen auf, darunter die ber\u00fchmte Benediktinerabtei von Montecassino. Dass Assisi, seit September 1943 in der Hand des deutschen Milit\u00e4rs, die Lage unbeschadet \u00fcbersteht, ist das Verdienst des Eichst\u00e4tter Arztes Dr. Valentin M\u00fcller. Von seiner couragierten Tat handelt ein Buch von Francesco Santucci, das nun in deutscher \u00dcbersetzung erschien.<\/p><p class=\"wp-block-paragraph\">Der Verfasser ist Dozent f\u00fcr Literatur und Berater der Internationalen Gesellschaft f\u00fcr Franziskanische Studien hinsichtlich der Heimatgeschichte Umbriens; der deutsche \u00dcbersetzer Josef Raischl wirkt als Theologe und Sozialarbeiter an einem Hospiz in M\u00fcnchen; er ist Mitglied der Franziskanischen Gemeinschaft. Das Vorwort hat Don Aldo Brunacci verfasst, der damals Sekret\u00e4r des Bischofs Giuseppe Placido Nicolini von Assisi war.<\/p><p class=\"wp-block-paragraph\">Eben diesem Bischof und dem \u201eColonello\u201c Valentin M\u00fcller, dem deutschen Kommandanten von Assisi, kommt das Verdienst zu, Assisi vor der Zerst\u00f6rung bewahrt zu haben. M\u00fcller stammte aus dem unterfr\u00e4nkischen Ort Zeilitzheim und wirkte seit 1933 in Eichst\u00e4tt als Arzt (die Praxis wurde von seinem Sohn Robert und wird noch heute von seinem Enkel Dominik dort weiter gef\u00fchrt). Die Ursache f\u00fcr Valentin M\u00fcllers Handeln liegt darin, dass er ein tiefgl\u00e4ubiger Katholik war, der t\u00e4glich das Grab des Franz von Assisi besuchte, um an Messfeier und Kommunion teilzunehmen.<\/p><p class=\"wp-block-paragraph\">Der Stadtkommandant wie der Bischof kamen angesichts der milit\u00e4rischen Lage zu der Einsicht, dass nur die Ausweitung des Lazaretts in der Stadt und damit verbunden die offizielle Deklaration Assisis als \u201eLazarettstadt\u201c diese Rettung erm\u00f6glichen k\u00f6nne. Zu diesem Zweck musste, als immer mehr Verwundete von der sich n\u00e4hernden Front in den Ort kamen, das P\u00e4pstliche Regionalseminar Umbriens zu einem Lazarett umgewidmet werden.<\/p><p class=\"wp-block-paragraph\">Um dies zu erlauben, hatte auch der Bischof Mut aufzubringen \u2013 denn das Seminar war Eigentum des Heiligen Stuhls. Dennoch z\u00f6gerte er nicht, der Bitte M\u00fcllers zu entsprechen. Als noch weitere Geb\u00e4ude wie die heutige Casa Giovanni, das Seraphische Institut f\u00fcr die Blinden und Tauben, das Waisen-Nationalkonvikt und Teile des Theologischen Kollegs als Pflegest\u00e4tten f\u00fcr die Kranken und Verwundeten eingerichtet wurden, erkannten alle Kriegsparteien Assisi als Lazarettstadt an und respektierten sie auch als solche. M\u00fcller genoss aufgrund seines Charakters hohes Ansehen bei Deutschen wie Italienern; auch die Partisanen gaben die Parole aus, dass ihm \u201ekein Haar gekr\u00fcmmt\u201c werden d\u00fcrfe. All dies wird in Santuccis Buch detailliert geschildert.<\/p><p class=\"wp-block-paragraph\">Bis heute erweist Assisi seinem Eichst\u00e4tter Retter hohe Dankbarkeit: Eine Stra\u00dfe wurde nach Valentin M\u00fcller benannt und in der Viale Vittori Emanuele II eine Gedenktafel angebracht. Anl\u00e4sslich der Feiern zum 50. Jahrestag des Kriegsendes wurden Valentin M\u00fcllers Sohn Dr. Robert M\u00fcller und seine Tochter Dr. Irmgard Heinemann nach Assisi eingeladen und geehrt. Bereits zuvor war 1982 zum 800-j\u00e4hrigen Gedenken der Geburt des heiligen Franziskus eine Delegation aus Assisi nach Eichst\u00e4tt gekommen, um am Grab des \u201eColonello\u201c ein B\u00fcndel \u00d6lzweige aus Assisi niederzulegen.Francesco Santucci:\u00a0<strong>Mit Courage und Tatkraft zur Rettung Assisis<\/strong>. Der deutsche Arzt Valentin M\u00fcller und die Rettung der Stadt im Zweiten Weltkrieg. Deutsch von Josef Raischl. Verlag Editrice Minerva, Assisi 1999, Preis 16 Mark.<\/p>\t\t\t\t\t\t\t\t<\/div>\n\t\t\t\t<\/div>\n\t\t\t\t\t<\/div>\n\t\t\t\t<\/div>\n\t\t\t\t<\/div>\n\t\t","protected":false},"excerpt":{"rendered":"<p>Dr. Valentin M\u00fcller Bernadette\u00b4s Gro\u00dfvater war\u00a0Dr. Valentin M\u00fcller, praktischer Arzt zuletzt in Eichst\u00e4tt, der 1944 als Stadtkommandant von Assisi sich couragiert f\u00fcr Stadt und Bev\u00f6lkerung eingesetzt hat. Ein Eichst\u00e4tter Arzt als Retter von Assisi \u2013 Francesco Santuccis Monographie liegt nun als deutsche \u00dcbersetzung aus dem Italienischen vor. \u00a0 Eichst\u00e4tt, 20.04.2000. (pde) \u2013 Assisi im Juni [&hellip;]<\/p>\n","protected":false},"author":1,"featured_media":0,"parent":0,"menu_order":0,"comment_status":"closed","ping_status":"closed","template":"","meta":{"site-sidebar-layout":"no-sidebar","site-content-layout":"page-builder","ast-site-content-layout":"full-width-container","site-content-style":"default","site-sidebar-style":"default","ast-global-header-display":"","ast-banner-title-visibility":"","ast-main-header-display":"","ast-hfb-above-header-display":"","ast-hfb-below-header-display":"","ast-hfb-mobile-header-display":"","site-post-title":"disabled","ast-breadcrumbs-content":"","ast-featured-img":"disabled","footer-sml-layout":"","ast-disable-related-posts":"","theme-transparent-header-meta":"","adv-header-id-meta":"","stick-header-meta":"","header-above-stick-meta":"","header-main-stick-meta":"","header-below-stick-meta":"","astra-migrate-meta-layouts":"set","ast-page-background-enabled":"default","ast-page-background-meta":{"desktop":{"background-color":"var(--ast-global-color-4)","background-image":"","background-repeat":"repeat","background-position":"center center","background-size":"auto","background-attachment":"scroll","background-type":"","background-media":"","overlay-type":"","overlay-color":"","overlay-opacity":"","overlay-gradient":""},"tablet":{"background-color":"","background-image":"","background-repeat":"repeat","background-position":"center center","background-size":"auto","background-attachment":"scroll","background-type":"","background-media":"","overlay-type":"","overlay-color":"","overlay-opacity":"","overlay-gradient":""},"mobile":{"background-color":"","background-image":"","background-repeat":"repeat","background-position":"center center","background-size":"auto","background-attachment":"scroll","background-type":"","background-media":"","overlay-type":"","overlay-color":"","overlay-opacity":"","overlay-gradient":""}},"ast-content-background-meta":{"desktop":{"background-color":"var(--ast-global-color-5)","background-image":"","background-repeat":"repeat","background-position":"center center","background-size":"auto","background-attachment":"scroll","background-type":"","background-media":"","overlay-type":"","overlay-color":"","overlay-opacity":"","overlay-gradient":""},"tablet":{"background-color":"var(--ast-global-color-5)","background-image":"","background-repeat":"repeat","background-position":"center center","background-size":"auto","background-attachment":"scroll","background-type":"","background-media":"","overlay-type":"","overlay-color":"","overlay-opacity":"","overlay-gradient":""},"mobile":{"background-color":"var(--ast-global-color-5)","background-image":"","background-repeat":"repeat","background-position":"center center","background-size":"auto","background-attachment":"scroll","background-type":"","background-media":"","overlay-type":"","overlay-color":"","overlay-opacity":"","overlay-gradient":""}},"footnotes":""},"class_list":["post-4042","page","type-page","status-publish","hentry"],"_links":{"self":[{"href":"https:\/\/assisijourney.org\/index.php?rest_route=\/wp\/v2\/pages\/4042","targetHints":{"allow":["GET"]}}],"collection":[{"href":"https:\/\/assisijourney.org\/index.php?rest_route=\/wp\/v2\/pages"}],"about":[{"href":"https:\/\/assisijourney.org\/index.php?rest_route=\/wp\/v2\/types\/page"}],"author":[{"embeddable":true,"href":"https:\/\/assisijourney.org\/index.php?rest_route=\/wp\/v2\/users\/1"}],"replies":[{"embeddable":true,"href":"https:\/\/assisijourney.org\/index.php?rest_route=%2Fwp%2Fv2%2Fcomments&post=4042"}],"version-history":[{"count":19,"href":"https:\/\/assisijourney.org\/index.php?rest_route=\/wp\/v2\/pages\/4042\/revisions"}],"predecessor-version":[{"id":4080,"href":"https:\/\/assisijourney.org\/index.php?rest_route=\/wp\/v2\/pages\/4042\/revisions\/4080"}],"wp:attachment":[{"href":"https:\/\/assisijourney.org\/index.php?rest_route=%2Fwp%2Fv2%2Fmedia&parent=4042"}],"curies":[{"name":"wp","href":"https:\/\/api.w.org\/{rel}","templated":true}]}}