{"id":4014,"date":"2026-03-17T12:18:46","date_gmt":"2026-03-17T12:18:46","guid":{"rendered":"https:\/\/assisijourney.org\/?page_id=4014"},"modified":"2026-03-17T14:32:46","modified_gmt":"2026-03-17T14:32:46","slug":"germ","status":"publish","type":"page","link":"https:\/\/assisijourney.org\/?page_id=4014","title":{"rendered":"Germ"},"content":{"rendered":"\t\t<div data-elementor-type=\"wp-page\" data-elementor-id=\"4014\" class=\"elementor elementor-4014\">\n\t\t\t\t<div class=\"elementor-element elementor-element-b445e83 e-flex e-con-boxed e-con e-parent\" data-id=\"b445e83\" data-element_type=\"container\" data-e-type=\"container\">\n\t\t\t\t\t<div class=\"e-con-inner\">\n\t\t<div class=\"elementor-element elementor-element-72c7763 e-con-full e-flex e-con e-child\" data-id=\"72c7763\" data-element_type=\"container\" data-e-type=\"container\">\n\t\t\t\t<div class=\"elementor-element elementor-element-ce05f6f elementor-widget elementor-widget-heading\" data-id=\"ce05f6f\" data-element_type=\"widget\" data-e-type=\"widget\" data-widget_type=\"heading.default\">\n\t\t\t\t<div class=\"elementor-widget-container\">\n\t\t\t\t\t<h2 class=\"elementor-heading-title elementor-size-default\">Assisi im Zweiten Weltkrieg - Mit Courage und Tatkraft zur Rettung Assisis<\/strong><\/h2>\t\t\t\t<\/div>\n\t\t\t\t<\/div>\n\t\t\t\t<div class=\"elementor-element elementor-element-970473c elementor-widget elementor-widget-text-editor\" data-id=\"970473c\" data-element_type=\"widget\" data-e-type=\"widget\" data-widget_type=\"text-editor.default\">\n\t\t\t\t<div class=\"elementor-widget-container\">\n\t\t\t\t\t\t\t\t\t<p class=\"wp-block-paragraph\">von Andr\u00e9 Cirino OFM, Bernadette und Sepp Raischl, Januar 2008<\/p><p class=\"wp-block-paragraph\">Die Erinnerung an Dr. Valentin M\u00fcller ist bis heute noch sehr lebendig in der Stadt der Heiligen Franziskus und Chiara von Assisi.<\/p><p class=\"wp-block-paragraph\">Jedes Jahr versammeln sich die Honoratioren der Stadt am Todestag von Dr. Valentin M\u00fcller, dem 31. Juli, zu einem Gedenkgottesdienst. Sie gedenken in Dankbarkeit. Die Erinnerung ist international lebendig. Erst im September 2005 wurde Valentin M\u00fcller posthum von der franziskanischen Universit\u00e4t St. Bonaventura in New York ausgezeichnet. Die weltweite Franziskanische Bewegung blickt mit Dankbarkeit auf den Eichst\u00e4tter Arzt, der als Retter und Bewahrer der Stadt und B\u00fcrger von Assisi in die Geschichte einging. Wenn man nach Assisi hochf\u00e4hrt, passiert man eine Gedenktafel. Eine Stra\u00dfe ist nach ihm benannt\u2014ebenso wie M\u00fcllers Geburtsort Zeilitzheim.<\/p><p class=\"wp-block-paragraph\">\u00a0<\/p>\t\t\t\t\t\t\t\t<\/div>\n\t\t\t\t<\/div>\n\t\t\t\t<\/div>\n\t\t\t\t<div class=\"elementor-element elementor-element-843d3a0 elementor-widget elementor-widget-image\" data-id=\"843d3a0\" data-element_type=\"widget\" data-e-type=\"widget\" data-widget_type=\"image.default\">\n\t\t\t\t<div class=\"elementor-widget-container\">\n\t\t\t\t\t\t\t\t\t\t\t\t\t\t\t<img fetchpriority=\"high\" decoding=\"async\" width=\"555\" height=\"720\" src=\"https:\/\/assisijourney.org\/wp-content\/uploads\/2026\/03\/Folie36-1-e1773757381115.jpg\" class=\"attachment-large size-large wp-image-3998\" alt=\"\" srcset=\"https:\/\/assisijourney.org\/wp-content\/uploads\/2026\/03\/Folie36-1-e1773757381115.jpg 555w, https:\/\/assisijourney.org\/wp-content\/uploads\/2026\/03\/Folie36-1-e1773757381115-231x300.jpg 231w\" sizes=\"(max-width: 555px) 100vw, 555px\" \/>\t\t\t\t\t\t\t\t\t\t\t\t\t\t\t<\/div>\n\t\t\t\t<\/div>\n\t\t\t\t\t<\/div>\n\t\t\t\t<\/div>\n\t\t<div class=\"elementor-element elementor-element-deb5e6a e-flex e-con-boxed e-con e-parent\" data-id=\"deb5e6a\" data-element_type=\"container\" data-e-type=\"container\">\n\t\t\t\t\t<div class=\"e-con-inner\">\n\t\t\t\t<div class=\"elementor-element elementor-element-a2d6e25 elementor-widget elementor-widget-image\" data-id=\"a2d6e25\" data-element_type=\"widget\" data-e-type=\"widget\" data-widget_type=\"image.default\">\n\t\t\t\t<div class=\"elementor-widget-container\">\n\t\t\t\t\t\t\t\t\t\t\t\t\t\t\t<img decoding=\"async\" width=\"764\" height=\"1024\" src=\"https:\/\/assisijourney.org\/wp-content\/uploads\/2026\/03\/SMM-25-e1773757702429-764x1024.jpg\" class=\"attachment-large size-large wp-image-3994\" alt=\"\" srcset=\"https:\/\/assisijourney.org\/wp-content\/uploads\/2026\/03\/SMM-25-e1773757702429-764x1024.jpg 764w, https:\/\/assisijourney.org\/wp-content\/uploads\/2026\/03\/SMM-25-e1773757702429-224x300.jpg 224w, https:\/\/assisijourney.org\/wp-content\/uploads\/2026\/03\/SMM-25-e1773757702429-768x1030.jpg 768w, https:\/\/assisijourney.org\/wp-content\/uploads\/2026\/03\/SMM-25-e1773757702429-1146x1536.jpg 1146w, https:\/\/assisijourney.org\/wp-content\/uploads\/2026\/03\/SMM-25-e1773757702429.jpg 1344w\" sizes=\"(max-width: 764px) 100vw, 764px\" \/>\t\t\t\t\t\t\t\t\t\t\t\t\t\t\t<\/div>\n\t\t\t\t<\/div>\n\t\t<div class=\"elementor-element elementor-element-dffdf61 e-con-full e-flex e-con e-child\" data-id=\"dffdf61\" data-element_type=\"container\" data-e-type=\"container\">\n\t\t\t\t<div class=\"elementor-element elementor-element-be1d60a elementor-widget elementor-widget-text-editor\" data-id=\"be1d60a\" data-element_type=\"widget\" data-e-type=\"widget\" data-widget_type=\"text-editor.default\">\n\t\t\t\t<div class=\"elementor-widget-container\">\n\t\t\t\t\t\t\t\t\t<p class=\"wp-block-paragraph\">1950 hatte die Stadt Assisi Valentin M\u00fcller mitsamt seiner Familie als Helden empfangen und geehrt. Es war seine einzige R\u00fcckkehr nach Assisi nach dem Krieg.<\/p><p class=\"wp-block-paragraph\">1982 besuchte eine Abordnung der Stadt Assisi mit Domdekan Don Aldo Brunacci und dem B\u00fcrgermeister das Grab des Eichst\u00e4tter Arztes. Auf einer Friedenswallfahrt zum 800. Geburtsjahr des hl. Franziskus wollten sie M\u00fcller und seine Verdienste ehren. Als vor 4 Jahren Dr. Robert M\u00fcller, der 2005 verstorbene Sohn Valentin M\u00fcllers, Assisi zum letzten Mal besuchte, sprachen ihn einige an, weil sie in ihm den Sohn des \u201ecolonello\u201c erkannten. Und sie erz\u00e4hlten. Dr. Irmgard Heinemann, Gaimersheim, seine Tochter beschreibt in ihrem Tagebuch von 1950 einige Geschichten:\u201eEine Frau kam auf mich zu, gl\u00fccklich und sehr bewegt. Sie erz\u00e4hlte von ihrer gro\u00dfen Angst w\u00e4hrend des Krieges. Doch als der Oberst die Stadt betreten hatte, verlie\u00df sie die Angst. Die Bewohner behaupten, es w\u00e4re ihm zu verdanken, dass die heiligen St\u00e4tten, die mittelalterlichen Mauern, die Kunstsch\u00e4tze ebenso wie die Menschen, unbeschadet blieben. Die Leute sagten zu Kriegszeiten: Wir haben drei Besch\u00fctzer: den\u00a0 lieben Gott, den hl. Franz und Oberst M\u00fcller!\u201c<\/p>\t\t\t\t\t\t\t\t<\/div>\n\t\t\t\t<\/div>\n\t\t\t\t<\/div>\n\t\t\t\t\t<\/div>\n\t\t\t\t<\/div>\n\t\t<div class=\"elementor-element elementor-element-0b41083 e-flex e-con-boxed e-con e-parent\" data-id=\"0b41083\" data-element_type=\"container\" data-e-type=\"container\">\n\t\t\t\t\t<div class=\"e-con-inner\">\n\t\t<div class=\"elementor-element elementor-element-e00070d e-con-full e-flex e-con e-child\" data-id=\"e00070d\" data-element_type=\"container\" data-e-type=\"container\">\n\t\t\t\t<div class=\"elementor-element elementor-element-cd5cc53 elementor-widget elementor-widget-text-editor\" data-id=\"cd5cc53\" data-element_type=\"widget\" data-e-type=\"widget\" data-widget_type=\"text-editor.default\">\n\t\t\t\t<div class=\"elementor-widget-container\">\n\t\t\t\t\t\t\t\t\t<p>Viele verzweifelte Menschen wandten sich direkt an den Oberstarzt. Jeder kannte seine Telefonnummer: 210. Valentin M\u00fcller versuchte jedwede \u00dcbergriffe der DeutschenSoldaten auf die Bev\u00f6lkerung zu verhindern und dort, wo es ihm nicht gelungen war, setzte er sich pers\u00f6nlich f\u00fcr Schadensersatz ein. Zwei Deutsche Hauptm\u00e4nner hatten zwei Taxis beschlagnahmt und vorgegeben, es ginge um einen Notfall. M\u00fcller setzte sich selbst auf ein Motorrad, verfolgte die beiden bis nach Perugia und veranlasste sie, die gestohlenen Fahrzeuge zur\u00fcckzugeben. Ein andermal begannen Deutsche Soldaten Fahrr\u00e4der zu beschlagnahmen und waren dabei, sie auf einen Lastwagen zu verladen. Colonello M\u00fcller stoppte sie.<\/p>\t\t\t\t\t\t\t\t<\/div>\n\t\t\t\t<\/div>\n\t\t\t\t<\/div>\n\t\t\t\t\t<\/div>\n\t\t\t\t<\/div>\n\t\t<div class=\"elementor-element elementor-element-de16954 e-flex e-con-boxed e-con e-parent\" data-id=\"de16954\" data-element_type=\"container\" data-e-type=\"container\">\n\t\t\t\t\t<div class=\"e-con-inner\">\n\t\t\t\t<div class=\"elementor-element elementor-element-677570d elementor-widget elementor-widget-text-editor\" data-id=\"677570d\" data-element_type=\"widget\" data-e-type=\"widget\" data-widget_type=\"text-editor.default\">\n\t\t\t\t<div class=\"elementor-widget-container\">\n\t\t\t\t\t\t\t\t\t<p class=\"wp-block-paragraph\"><span style=\"font-style: inherit; font-weight: inherit;\">Eines Nachts half M\u00fcller einer Frau und ihren zwei Kindern, die von betrunkenen Soldaten bel\u00e4stigt worden waren. Einer jungen Frau, deren Mann als italienischer Soldat in einem Deutschen Konzentrationslager gefangen gehalten wurde, erm\u00f6glichte er es, Verbindung aufzunehmen. Er steckte ihren Brief unter gr\u00f6\u00dftem pers\u00f6nlichen Risiko in einen amtlichen Umschlag seines B\u00fcros. Sich selbst gab er als Absender an. Die gro\u00dfe Achtung der Bev\u00f6lkerung dr\u00fcckte sich auch in der Erkl\u00e4rung der Partisanen in der Gegend von Assisi aus: \u201eDem colonello M\u00fcller soll kein Haar gekr\u00fcmmt werden!\u201cAuf dem Grabstein M\u00fcllers im Eichst\u00e4tter Friedhof ist die Silhouette der Basilika San Francesco und des Sacro Convento in Assisi zu sehen. Darunter steht: in serviendo consumor\u2014ich setze mein Leben ein im Dienst f\u00fcr andere!<\/span><\/p>\t\t\t\t\t\t\t\t<\/div>\n\t\t\t\t<\/div>\n\t\t\t\t\t<\/div>\n\t\t\t\t<\/div>\n\t\t<div class=\"elementor-element elementor-element-db97140 e-flex e-con-boxed e-con e-parent\" data-id=\"db97140\" data-element_type=\"container\" data-e-type=\"container\">\n\t\t\t\t\t<div class=\"e-con-inner\">\n\t\t\t\t<div class=\"elementor-element elementor-element-dd3d2e9 elementor-widget elementor-widget-text-editor\" data-id=\"dd3d2e9\" data-element_type=\"widget\" data-e-type=\"widget\" data-widget_type=\"text-editor.default\">\n\t\t\t\t<div class=\"elementor-widget-container\">\n\t\t\t\t\t\t\t\t\t<p class=\"wp-block-paragraph\">Zun\u00e4chst m\u00f6chte ich Ihnen einen \u00dcberblick \u00fcber das Leben von Dr. Valentin M\u00fcller geben, bevor ich Ihnen bisher nicht ver\u00f6ffentlichte Zeugnisse, vor allem Briefe aus der Kriegszeit, vortrage, die einen sehr pers\u00f6nlichen Blick auf sein Wesen, seine Werte und Einstellungen zu lassen. Valentin M\u00fcller wurde 1891 im unterfr\u00e4nkischen Zeilitzheim geboren. Er war einer von zwei S\u00f6hnen des \u00f6rtlichen Zimmermanns und wurde katholisch getauft. Als er 13 Jahre alt wurde, ermunterte ihn ein Onkel, der selbst Priester war, das Kilianeum, das bisch\u00f6fliche Knabenseminar in W\u00fcrzburg, zu besuchen. 1911 machte er dort schlie\u00dflich 20j\u00e4hrig sein Abitur. Wie das ja \u00fcblich war sollten die Jungen, die dieses Seminarbesuchen, sich sp\u00e4ter zum Priester weihen lassen. Valentin hatte aber etwas anderes vor: er wollte Chirurg werden: Also begann er unmittelbar nach dem Abitur das Medizinstudium.<\/p><p class=\"wp-block-paragraph\">Doch dann kam der Erste Weltkrieg. Als fast fertiger Arzt wurde er eingezogen und rettete viele Verwundete an der Front. F\u00fcr seinen Einsatz erhielt er sp\u00e4ter die silberne Tapferkeitsmedaille. Am Kriegsende nahmen ihn die Briten gefangen, jedoch gelang es ihm mit Hilfe eines Tricks freizukommen. L\u00e4chelnd erz\u00e4hlte er immer wieder: \u201eIch nahm Medikamente, die best\u00e4ndig hohes Fieber bewirkten. Die Briten dachten deshalb, ich h\u00e4tte mich mit ansteckender Tuberkulose infiziert und schickten mich nach Hause. \u201cErst nach seiner R\u00fcckkehr konnte er sein Medizinstudium vollst\u00e4ndig abschlie\u00dfen. Er wurde allerdings nicht Chirurg, sondern er\u00f6ffnete 1919 eine eigene Praxis f\u00fcr Allgemeinmedizin\u2014es war nur ein kleiner Raum, in dem er arbeitete und lebte. Das war in Emsing, bei Titting (in Mittelfranken).<\/p><p class=\"wp-block-paragraph\">Zwei Jahre sp\u00e4ter zog er nach Titting und \u00fcbernahm dort ein kleines Krankenhaus. Er stiftete f\u00fcr die Krankenhauskapelle einen Altar. \u201cIn Titting gab es ein kleines Krankenhaus mit vielleicht 30 Betten, blitzsauber, mit Geranien an den Fenstern, flei\u00dfigen kath. Schwester und sogar einem Operationssaal, den Dr. M\u00fcller mit eigenen Mitteln vervollst\u00e4ndigte.\u201c (Trudl Schneider, Tochter eines befreundeten Chirurgen aus Wei\u00dfenburg)<\/p><p class=\"wp-block-paragraph\">\u00a0<\/p><p class=\"wp-block-paragraph\" style=\"box-sizing: inherit; margin-bottom: 1.5em; color: #404040; font-family: Alegreya, serif; font-size: 19px; font-style: normal; font-weight: 400;\">Im Jahr 1922 heiratete er Maria Hofer, die Tochter eines Kaufmanns, eine sch\u00f6ne, freundliche und ruhige Frau, die eine gute Erg\u00e4nzung zu seinem Temperament war. Nicht selten musste sie ihn etwas bremsen. Zusammen hatten sie zwei Kinder, Sohn Robert und Tochter Irmgard, die beide ebenfalls \u00c4rzte wurden. Aus dieser Zeit erz\u00e4hlte Trudl Schneider: \u201eDurch Zufall lernte Dr. M\u00fcller meinen Vater kennen, der Chirurg war. Dr. M\u00fcller bat ihn oft zwei- bis dreimal in der Woche, nach Titting zu kommen, um abends nach der Sprechstunde mit ihm einige Patienten zu operieren. `Hier M\u00fcller, Herr Kollege, ich habe heute einen dringenden Fall. Kommen Sie sobald wie m\u00f6glich. Danach habe ich noch einige leichtere F\u00e4lle. Leider ist der eine Patient ein armer Bauer, also keine Rechnung! Das Krankenhaus bezahle ich. Bringen Sie ihre Frau mit! Wiedersehen.\u00b4 \u2026 Oft dauerte so ein Operationsabend 3 bis 4 Stunden. Dr. M\u00fcller mit entwaffnendem Lachen, sprudelnd vor Humor, \u00f6ffnete die T\u00fcr und beide waren nach der Anstrengung von euphorischer Gel\u00f6stheit. Frau M\u00fcller, immer sanft und leise, brachte dann Riesenplatten mit Broten belegt mit unterfr\u00e4nkischen Wurstwaren, dazu k\u00fchlen Frankenwein. \u2026 Es ging ungeheuer fr\u00f6hlich zu, weil Dr. M\u00fcller immer neuen Gespr\u00e4chsstoff lieferte, immer lustig war und zuweilen die Grenzen des so strengen Anstands seiner guten Frau sprengte. Sie sagte dann immer die gleichen Worte: `Ach Valentin!`<\/p><p class=\"wp-block-paragraph\" style=\"box-sizing: inherit; margin-bottom: 1.5em; color: #404040; font-family: Alegreya, serif; font-size: 19px; font-style: normal; font-weight: 400;\">1933 zog Familie M\u00fcller nach Eichst\u00e4tt, weil es wohl Schwierigkeiten mit den \u00f6rtlichen Nationalsozialisten gegeben hatte. Tochter Irmgard berichtet davon, dass ihr Haus einmal nachts bereits von einem Trupp Nazis umstellt gewesen w\u00e4re, die den Vater bei seiner R\u00fcckkehr \u00fcberraschen wollten. Nur einer Warnung von Freunden sei es zu verdanken gewesen, dass er mit dem Leben davon kam. Hier sind Ausschnitte aus Filmen der 30er Jahren zu sehen, ohne Ton nat\u00fcrlich: Valentin M\u00fcller, etwa 40 Jahre alt, mit seiner Familie und Freunden. Die Bildersprechen von einer stets zu einem Spa\u00df aufgelegten Pers\u00f6nlichkeit. Valentin M\u00fcller war niemals Parteimitglied und der einzige Arzt, der in dieser Zeitkranke j\u00fcdische Patienten noch zu Hause besuchte. Er er\u00f6ffnete in Eichst\u00e4tt eine gr\u00f6\u00dfere Praxis f\u00fcr die ganze Region. Von fr\u00fchmorgens bis sp\u00e4tabends arbeitete er. Sogar sonntags nach der Messe konnten ihn die Leute aufsuchen.<\/p>\t\t\t\t\t\t\t\t<\/div>\n\t\t\t\t<\/div>\n\t\t\t\t\t<\/div>\n\t\t\t\t<\/div>\n\t\t<div class=\"elementor-element elementor-element-b20ad78 e-flex e-con-boxed e-con e-parent\" data-id=\"b20ad78\" data-element_type=\"container\" data-e-type=\"container\">\n\t\t\t\t\t<div class=\"e-con-inner\">\n\t\t\t\t<div class=\"elementor-element elementor-element-4a5772b elementor-widget elementor-widget-text-editor\" data-id=\"4a5772b\" data-element_type=\"widget\" data-e-type=\"widget\" data-widget_type=\"text-editor.default\">\n\t\t\t\t<div class=\"elementor-widget-container\">\n\t\t\t\t\t\t\t\t\t<p class=\"wp-block-paragraph\">Folgende Episode soll Dr. Valentin M\u00fcllers Charakter veranschaulichen. Er war ein sehr fordernder, exakter, aber auch humorvoller und gro\u00dfz\u00fcgiger Mensch. In dieser Zeit war er einer der wenigen, die bereits ein Auto hatten, mit dem er die Kranken in den umliegenden D\u00f6rfer aufsuchte. Eines Tages hielt ihn ein Mann auf der Landstra\u00dfe an und meinte: \u201eDoktor, ich habe Zahnweh!\u201c Noch immer im Wagen und mitten auf der Stra\u00dfe bat ihn Doktor M\u00fcller, seinen Mund zu \u00f6ffnen. Was er sah, war ein v\u00f6llig schwarzer Zahn. \u201eIch muss ihn ziehen!\u201c, sagte er, nahm seine Zange und war drauf und dran, den Zahn zu ziehen. Genau in dem Augenblick biss der Mann zu und dem Doktor in den Finger. \u201eDu Depp, kannst Du Deinen Mund nicht offen lassen?\u201c Aber auch der zweite und dritte Versuch misslang. Der Mann biss im letzten Augenblick immer zu. Erst nach einer pl\u00f6tzlichen \u201e\u00e4rztlichen Ohrfeige\u201c gelang die \u201eOperation\u201c. \u201eWarum hast Duden Mund nicht gleich offen gelassen?\u201c, fragte der Arzt. Da meinte der Bauerschlagfertig: \u201eWarum hast mir net gleich eine g\u00b4schmiert?\u201c<\/p><p class=\"wp-block-paragraph\">Im Jahr 1937\u2014Valentin M\u00fcller war 46 Jahre alt\u2014kauften sie ein Haus von einer j\u00fcdischen Familie. Die Barzahlung erm\u00f6glichte dieser die Flucht zu ergreifen. Seit dem gibt es dort die Arztpraxis. Bis zu seinem Tod 2005 lebte Valentins Sohn Robert mit seiner Familie in diesem Haus. (Heute lebt meine Mutter dort.) Zu Beginn des Zweiten Weltkrieges wurde Valentin M\u00fcller wieder einberufen und zum Oberst ernannt. Er war in den Feldz\u00fcgen gegen Polen, Frankreich und Russland beteiligt. Aus dieser Zeit tauchten erst k\u00fcrzlich Briefe auf. Valentin M\u00fcller schrieb beinahe jeden zweiten Tag seiner Frau einen Brief. Unter anderem berichtet er, dass er auch zu den gegnerischen Zivilisten gerufen wurde, um sie als Arzt zu versorgen. Indem Brief vom 2. Juni 1940 wird seine Haltung den Menschen gegen\u00fcber, ob Freund oder Feind, sehr deutlich: \u201eEs ist immer, wenn ich ein Haus betrete, in den Gesichtern die Angst und die Abneigung zu lesen. Spreche ich dann einige Worte mit warmer Stimme, streiche dem Kranken mit der Hand durchs Haar und nehme dann seine Handfest, so werden sie ruhig und langsam sieht man das Vertrauen in den Augen wachsen, die Not, der Schmerz, die Krankheit kommt zum Vorschein, auf einmal sind sie leidender Mensch, nicht mehr Feind. Sie sind dann von einer r\u00fchrenden Hingabe, haben gro\u00dfes Vertrauen, und glauben alle, dass sie wieder gesund werden, wenn ich l\u00e4nger dableibe. Gestern wollte mir eine Frau 3 Eier schenken, eine andere Speck, eine dritte wollte bezahlen. Und wenn ich dann ablehne, so weinen sie, fassen nach der Hand, wollen sie k\u00fcssen und danken, danken. Genug davon.\u201cIn einem anderen Brief schrieb er: \u201eHeute habe ich ein M\u00e4del, 4 Jahre alt, das sich schwer verletzt hatte, versorgt; anfangs schrie und jammerte es, aber binnen kurzer Zeit, war sie meine Freundin und scherzte und lachte mit mir.\u201c \u201eInzwischen sind wir schon wieder woanders, aber ich versuche jeden zweiten Tag zur\u00fcckzukommen an meinen fr\u00fcheren Platz, wo ich ein M\u00e4del mit 10 Jahren mit einer schweren Lungenentz\u00fcndung zur\u00fccklie\u00df und eine schwer verletzte Frau. Du glaubst nicht, wie die ganzen Familien weinten, als ich fortzog. Als ich das erste Mal zur\u00fcckkam, waren Freudentr\u00e4nen das erste. Gott sei Dank geht\u00b4s beiden besser.\u201c Es war nat\u00fcrlich gef\u00e4hrlich f\u00fcr ihn, in dieser Weise zu helfen, wie wir in einem weiteren Brief lesen k\u00f6nnen: \u201eDadurch, dass ich einem kranken Zivilisten etwas Gutes tun wollte, habe ich jetzt derartige Scherereien. Aber ich bin im festen Vertrauen, dass sich wie jede, auch diese gute Tat lohnt. Ich habe es so gut gemeint \u2026 hat mich schon manche schlaflose Nacht beinahe gekostet, zumal ich mich mit niemandem aussprechen kann.\u201cEr deutet an, dass er innerhalb der Wehrmacht unter Beobachtung stand, ja wegen seiner religi\u00f6sen Haltung bedroht wurde. Er schrieb am 14. Februar 1941: \u201eJa, das Vater Unser! Wie notwendig braucht man das immer \u2026 Ich auf jeden Fall brauche unseren Herrgott allezeit recht notwendig. Erst dieser Tage habe ich einen L\u00e4sterer bei Tisch \u00fcber den Mund gefahren. Es hat mich nicht einer unterst\u00fctzt, aber es war dann doch Schlu\u00df damit. Ich f\u00fcrchte mich auch alleine nicht. \u2026 ich lasse mir das, was mir heilig ist, nicht in den Kot ziehen.\u201c Er soll es nicht geduldet haben, dass in seinem Beisein ein Soldat fluchte. Ich denke, dass diese Ausschnitte B\u00e4nde davon sprechen, was diesen Mann pr\u00e4gte und auszeichnete. 1942 wurde er angewiesen, das erste Lazarett in Stalingrad aufzubauen. Nur wenige Tage, bevor die Rote Armee die Stadt einschloss, wurde er aber nach Lourdes abberufen, um dort eine Abteilung f\u00fcr den Transport von Verletzten aufzubauen. Als Chef dieser Abteilung kam er 1943 in Italien an. Hier erfuhr er vom Vorhaben des Generals, in Assisi ein Lazarett zu errichten. Er interessierte sich daf\u00fcr, diese Aktion zu leiten. Es ist seiner Initiative und Durchsetzungsf\u00e4higkeit zu verdanken, dass diese Pl\u00e4ne schlie\u00dflich im Februar 1944 verwirklicht wurden. Sp\u00e4ter wurde er zum Stadtkommandanten Assisis erkl\u00e4rt. Nur wenige Monate darauf wurde er von der US Armee in Kriegsgefangenschaft genommen.<\/p>\t\t\t\t\t\t\t\t<\/div>\n\t\t\t\t<\/div>\n\t\t\t\t\t<\/div>\n\t\t\t\t<\/div>\n\t\t\t\t<\/div>\n\t\t","protected":false},"excerpt":{"rendered":"<p>Assisi im Zweiten Weltkrieg &#8211; Mit Courage und Tatkraft zur Rettung Assisis von Andr\u00e9 Cirino OFM, Bernadette und Sepp Raischl, Januar 2008 Die Erinnerung an Dr. Valentin M\u00fcller ist bis heute noch sehr lebendig in der Stadt der Heiligen Franziskus und Chiara von Assisi. Jedes Jahr versammeln sich die Honoratioren der Stadt am Todestag von [&hellip;]<\/p>\n","protected":false},"author":1,"featured_media":0,"parent":0,"menu_order":0,"comment_status":"closed","ping_status":"closed","template":"","meta":{"site-sidebar-layout":"no-sidebar","site-content-layout":"page-builder","ast-site-content-layout":"full-width-container","site-content-style":"default","site-sidebar-style":"default","ast-global-header-display":"","ast-banner-title-visibility":"","ast-main-header-display":"","ast-hfb-above-header-display":"","ast-hfb-below-header-display":"","ast-hfb-mobile-header-display":"","site-post-title":"disabled","ast-breadcrumbs-content":"","ast-featured-img":"disabled","footer-sml-layout":"","ast-disable-related-posts":"","theme-transparent-header-meta":"","adv-header-id-meta":"","stick-header-meta":"","header-above-stick-meta":"","header-main-stick-meta":"","header-below-stick-meta":"","astra-migrate-meta-layouts":"default","ast-page-background-enabled":"default","ast-page-background-meta":{"desktop":{"background-color":"var(--ast-global-color-4)","background-image":"","background-repeat":"repeat","background-position":"center center","background-size":"auto","background-attachment":"scroll","background-type":"","background-media":"","overlay-type":"","overlay-color":"","overlay-opacity":"","overlay-gradient":""},"tablet":{"background-color":"","background-image":"","background-repeat":"repeat","background-position":"center center","background-size":"auto","background-attachment":"scroll","background-type":"","background-media":"","overlay-type":"","overlay-color":"","overlay-opacity":"","overlay-gradient":""},"mobile":{"background-color":"","background-image":"","background-repeat":"repeat","background-position":"center center","background-size":"auto","background-attachment":"scroll","background-type":"","background-media":"","overlay-type":"","overlay-color":"","overlay-opacity":"","overlay-gradient":""}},"ast-content-background-meta":{"desktop":{"background-color":"var(--ast-global-color-5)","background-image":"","background-repeat":"repeat","background-position":"center center","background-size":"auto","background-attachment":"scroll","background-type":"","background-media":"","overlay-type":"","overlay-color":"","overlay-opacity":"","overlay-gradient":""},"tablet":{"background-color":"var(--ast-global-color-5)","background-image":"","background-repeat":"repeat","background-position":"center center","background-size":"auto","background-attachment":"scroll","background-type":"","background-media":"","overlay-type":"","overlay-color":"","overlay-opacity":"","overlay-gradient":""},"mobile":{"background-color":"var(--ast-global-color-5)","background-image":"","background-repeat":"repeat","background-position":"center center","background-size":"auto","background-attachment":"scroll","background-type":"","background-media":"","overlay-type":"","overlay-color":"","overlay-opacity":"","overlay-gradient":""}},"footnotes":""},"class_list":["post-4014","page","type-page","status-publish","hentry"],"_links":{"self":[{"href":"https:\/\/assisijourney.org\/index.php?rest_route=\/wp\/v2\/pages\/4014","targetHints":{"allow":["GET"]}}],"collection":[{"href":"https:\/\/assisijourney.org\/index.php?rest_route=\/wp\/v2\/pages"}],"about":[{"href":"https:\/\/assisijourney.org\/index.php?rest_route=\/wp\/v2\/types\/page"}],"author":[{"embeddable":true,"href":"https:\/\/assisijourney.org\/index.php?rest_route=\/wp\/v2\/users\/1"}],"replies":[{"embeddable":true,"href":"https:\/\/assisijourney.org\/index.php?rest_route=%2Fwp%2Fv2%2Fcomments&post=4014"}],"version-history":[{"count":24,"href":"https:\/\/assisijourney.org\/index.php?rest_route=\/wp\/v2\/pages\/4014\/revisions"}],"predecessor-version":[{"id":4041,"href":"https:\/\/assisijourney.org\/index.php?rest_route=\/wp\/v2\/pages\/4014\/revisions\/4041"}],"wp:attachment":[{"href":"https:\/\/assisijourney.org\/index.php?rest_route=%2Fwp%2Fv2%2Fmedia&parent=4014"}],"curies":[{"name":"wp","href":"https:\/\/api.w.org\/{rel}","templated":true}]}}