{"id":2466,"date":"2026-03-04T00:29:18","date_gmt":"2026-03-04T00:29:18","guid":{"rendered":"https:\/\/assisijourney.org\/?page_id=2466"},"modified":"2026-03-24T22:15:44","modified_gmt":"2026-03-24T22:15:44","slug":"bl-franz-franziska-jaegerstaetter","status":"publish","type":"page","link":"https:\/\/assisijourney.org\/?page_id=2466","title":{"rendered":"Bl.\u00a0Franz\u00a0&amp;\u00a0Franziska\u00a0J\u00e4gerst\u00e4tter"},"content":{"rendered":"\t\t<div data-elementor-type=\"wp-page\" data-elementor-id=\"2466\" class=\"elementor elementor-2466\">\n\t\t\t\t<div class=\"elementor-element elementor-element-8c58dd8 e-flex e-con-boxed e-con e-parent\" data-id=\"8c58dd8\" data-element_type=\"container\" data-e-type=\"container\">\n\t\t\t\t\t<div class=\"e-con-inner\">\n\t\t\t\t<div class=\"elementor-element elementor-element-20d4f73 elementor-widget elementor-widget-heading\" data-id=\"20d4f73\" data-element_type=\"widget\" data-e-type=\"widget\" data-widget_type=\"heading.default\">\n\t\t\t\t<div class=\"elementor-widget-container\">\n\t\t\t\t\t<h2 class=\"elementor-heading-title elementor-size-default\">Bl. Franz J\u00e4gerst\u00e4tter OFS (1907 - 1943)<\/h2>\t\t\t\t<\/div>\n\t\t\t\t<\/div>\n\t\t<div class=\"elementor-element elementor-element-dd7d1ac e-con-full e-flex e-con e-child\" data-id=\"dd7d1ac\" data-element_type=\"container\" data-e-type=\"container\">\n\t\t\t\t<div class=\"elementor-element elementor-element-55feacf elementor-widget__width-initial elementor-widget elementor-widget-image\" data-id=\"55feacf\" data-element_type=\"widget\" data-e-type=\"widget\" data-widget_type=\"image.default\">\n\t\t\t\t<div class=\"elementor-widget-container\">\n\t\t\t\t\t\t\t\t\t\t\t\t<figure class=\"wp-caption\">\n\t\t\t\t\t\t\t\t\t\t<img fetchpriority=\"high\" decoding=\"async\" width=\"768\" height=\"1024\" src=\"https:\/\/assisijourney.org\/wp-content\/uploads\/2026\/03\/Franziska-Andre-2-1-768x1024.jpg\" class=\"attachment-large size-large wp-image-2382\" alt=\"\" srcset=\"https:\/\/assisijourney.org\/wp-content\/uploads\/2026\/03\/Franziska-Andre-2-1-768x1024.jpg 768w, https:\/\/assisijourney.org\/wp-content\/uploads\/2026\/03\/Franziska-Andre-2-1-225x300.jpg 225w, https:\/\/assisijourney.org\/wp-content\/uploads\/2026\/03\/Franziska-Andre-2-1-1152x1536.jpg 1152w, https:\/\/assisijourney.org\/wp-content\/uploads\/2026\/03\/Franziska-Andre-2-1-1536x2048.jpg 1536w, https:\/\/assisijourney.org\/wp-content\/uploads\/2026\/03\/Franziska-Andre-2-1-scaled.jpg 1920w\" sizes=\"(max-width: 768px) 100vw, 768px\" \/>\t\t\t\t\t\t\t\t\t\t\t<figcaption class=\"widget-image-caption wp-caption-text\">Andr\u00e9 with Franziska J\u00e4gerst\u00e4tter in 2010<\/figcaption>\n\t\t\t\t\t\t\t\t\t\t<\/figure>\n\t\t\t\t\t\t\t\t\t<\/div>\n\t\t\t\t<\/div>\n\t\t\t\t<div class=\"elementor-element elementor-element-934f09c elementor-widget__width-initial elementor-widget-mobile__width-initial elementor-widget elementor-widget-text-editor\" data-id=\"934f09c\" data-element_type=\"widget\" data-e-type=\"widget\" data-widget_type=\"text-editor.default\">\n\t\t\t\t<div class=\"elementor-widget-container\">\n\t\t\t\t\t\t\t\t\t<p><strong>A Franciscan Martyr and Advocate for Non-Violence and Peace.<\/strong><\/p><p>We visited the home of Franz J\u00e4gerst\u00e4tter in 2010, 2022 and 2025 with different groups.<\/p><p>Franz and Franziska joined the Secular Franciscan Order in the 1930s.<\/p><p><a href=\"https:\/\/www.assisijourney.com\/wp-content\/uploads\/2026\/01\/Jagerstatter-Pilgrimage-ed.-by-Esther.pdf\">Read\u00a0a\u00a0report by Toni Maconi OFS, Bridget Durham OFS and Catherine Golski OFS on the pilgrimage to St. Radegund in May 2025.<\/a><\/p><p><a href=\"https:\/\/ku-linz.at\/en\/research\/franz_and_franziska_jaegerstaetter_institute\">You can visit here the Institute at the Catholic University at Linz\/ Austria.<\/a><\/p>\t\t\t\t\t\t\t\t<\/div>\n\t\t\t\t<\/div>\n\t\t\t\t<div class=\"elementor-element elementor-element-71cf996 elementor-widget__width-initial elementor-widget elementor-widget-image\" data-id=\"71cf996\" data-element_type=\"widget\" data-e-type=\"widget\" data-widget_type=\"image.default\">\n\t\t\t\t<div class=\"elementor-widget-container\">\n\t\t\t\t\t\t\t\t\t\t\t\t<figure class=\"wp-caption\">\n\t\t\t\t\t\t\t\t\t\t<img decoding=\"async\" width=\"480\" height=\"640\" src=\"https:\/\/assisijourney.org\/wp-content\/uploads\/2026\/03\/IMG_3497-rotated.jpeg\" class=\"attachment-1536x1536 size-1536x1536 wp-image-2528\" alt=\"\" srcset=\"https:\/\/assisijourney.org\/wp-content\/uploads\/2026\/03\/IMG_3497-rotated.jpeg 480w, https:\/\/assisijourney.org\/wp-content\/uploads\/2026\/03\/IMG_3497-225x300.jpeg 225w\" sizes=\"(max-width: 480px) 100vw, 480px\" \/>\t\t\t\t\t\t\t\t\t\t\t<figcaption class=\"widget-image-caption wp-caption-text\">Bl. Franz (1907-1943)<\/figcaption>\n\t\t\t\t\t\t\t\t\t\t<\/figure>\n\t\t\t\t\t\t\t\t\t<\/div>\n\t\t\t\t<\/div>\n\t\t\t\t<\/div>\n\t\t<div class=\"elementor-element elementor-element-39b7808 e-con-full e-flex e-con e-child\" data-id=\"39b7808\" data-element_type=\"container\" data-e-type=\"container\">\n\t\t\t\t<div class=\"elementor-element elementor-element-ffaf6d2 elementor-widget elementor-widget-heading\" data-id=\"ffaf6d2\" data-element_type=\"widget\" data-e-type=\"widget\" data-widget_type=\"heading.default\">\n\t\t\t\t<div class=\"elementor-widget-container\">\n\t\t\t\t\t<h2 class=\"elementor-heading-title elementor-size-default\">A Holy Couple<\/h2>\t\t\t\t<\/div>\n\t\t\t\t<\/div>\n\t\t\t\t<div class=\"elementor-element elementor-element-2080a91 elementor-widget elementor-widget-text-editor\" data-id=\"2080a91\" data-element_type=\"widget\" data-e-type=\"widget\" data-widget_type=\"text-editor.default\">\n\t\t\t\t<div class=\"elementor-widget-container\">\n\t\t\t\t\t\t\t\t\t<p>Blessed Franz (1907-1943) and Franziska (1913 \u2013 2013) J\u00e4gerst\u00e4tter, married in 1936. He died as a conscientious objector opposing the Nazis under Adolf Hitler on 9 August, 1943.<\/p><p>\u00a0<\/p><figure class=\"wp-block-image size-large is-resized\"><img decoding=\"async\" class=\"wp-image-1343\" src=\"https:\/\/i0.wp.com\/www.assisijourney.com\/wp-content\/uploads\/2025\/08\/Bildschirmfoto-2025-08-14-um-18.46.36.png?resize=640%2C493&amp;ssl=1\" sizes=\"auto, (max-width: 640px) 100vw, 640px\" srcset=\"https:\/\/i0.wp.com\/www.assisijourney.com\/wp-content\/uploads\/2025\/08\/Bildschirmfoto-2025-08-14-um-18.46.36.png?resize=1024%2C789&amp;ssl=1 1024w, https:\/\/i0.wp.com\/www.assisijourney.com\/wp-content\/uploads\/2025\/08\/Bildschirmfoto-2025-08-14-um-18.46.36.png?resize=300%2C231&amp;ssl=1 300w, https:\/\/i0.wp.com\/www.assisijourney.com\/wp-content\/uploads\/2025\/08\/Bildschirmfoto-2025-08-14-um-18.46.36.png?resize=768%2C592&amp;ssl=1 768w, https:\/\/i0.wp.com\/www.assisijourney.com\/wp-content\/uploads\/2025\/08\/Bildschirmfoto-2025-08-14-um-18.46.36.png?resize=850%2C655&amp;ssl=1 850w, https:\/\/i0.wp.com\/www.assisijourney.com\/wp-content\/uploads\/2025\/08\/Bildschirmfoto-2025-08-14-um-18.46.36.png?w=1220&amp;ssl=1 1220w\" alt=\"\" width=\"640\" height=\"493\" data-recalc-dims=\"1\" \/><\/figure>\t\t\t\t\t\t\t\t<\/div>\n\t\t\t\t<\/div>\n\t\t\t\t<\/div>\n\t\t\t\t\t<\/div>\n\t\t\t\t<\/div>\n\t\t<div class=\"elementor-element elementor-element-97b8876 e-flex e-con-boxed e-con e-parent\" data-id=\"97b8876\" data-element_type=\"container\" data-e-type=\"container\">\n\t\t\t\t\t<div class=\"e-con-inner\">\n\t\t\t\t<div class=\"elementor-element elementor-element-0555889 elementor-widget elementor-widget-heading\" data-id=\"0555889\" data-element_type=\"widget\" data-e-type=\"widget\" data-widget_type=\"heading.default\">\n\t\t\t\t<div class=\"elementor-widget-container\">\n\t\t\t\t\t<h2 class=\"elementor-heading-title elementor-size-default\">Visiting St. Radegund and the J\u00e4gerst\u00e4tter Family<\/h2>\t\t\t\t<\/div>\n\t\t\t\t<\/div>\n\t\t\t\t<div class=\"elementor-element elementor-element-135d00f elementor-widget elementor-widget-image-gallery\" data-id=\"135d00f\" data-element_type=\"widget\" data-e-type=\"widget\" data-widget_type=\"image-gallery.default\">\n\t\t\t\t<div class=\"elementor-widget-container\">\n\t\t\t\t\t\t\t<div class=\"elementor-image-gallery\">\n\t\t\t<div id='gallery-1' class='gallery galleryid-2466 gallery-columns-3 gallery-size-medium'><figure class='gallery-item'>\n\t\t\t<div class='gallery-icon landscape'>\n\t\t\t\t<a data-elementor-open-lightbox=\"yes\" data-elementor-lightbox-slideshow=\"135d00f\" data-elementor-lightbox-title=\"asset-9193c2097c16ee5e98ae\" data-e-action-hash=\"#elementor-action%3Aaction%3Dlightbox%26settings%3DeyJpZCI6MjUyOSwidXJsIjoiaHR0cHM6XC9cL2Fzc2lzaWpvdXJuZXkub3JnXC93cC1jb250ZW50XC91cGxvYWRzXC8yMDI2XC8wM1wvYXNzZXQtOTE5M2MyMDk3YzE2ZWU1ZTk4YWUuanBlZyIsInNsaWRlc2hvdyI6IjEzNWQwMGYifQ%3D%3D\" href='https:\/\/assisijourney.org\/wp-content\/uploads\/2026\/03\/asset-9193c2097c16ee5e98ae.jpeg'><img loading=\"lazy\" decoding=\"async\" width=\"300\" height=\"199\" src=\"https:\/\/assisijourney.org\/wp-content\/uploads\/2026\/03\/asset-9193c2097c16ee5e98ae-300x199.jpeg\" class=\"attachment-medium size-medium\" alt=\"\" srcset=\"https:\/\/assisijourney.org\/wp-content\/uploads\/2026\/03\/asset-9193c2097c16ee5e98ae-300x199.jpeg 300w, https:\/\/assisijourney.org\/wp-content\/uploads\/2026\/03\/asset-9193c2097c16ee5e98ae.jpeg 640w\" sizes=\"(max-width: 300px) 100vw, 300px\" \/><\/a>\n\t\t\t<\/div><\/figure><figure class='gallery-item'>\n\t\t\t<div class='gallery-icon portrait'>\n\t\t\t\t<a data-elementor-open-lightbox=\"yes\" data-elementor-lightbox-slideshow=\"135d00f\" data-elementor-lightbox-title=\"Bildschirmfoto 2025-08-12 um 13.45.08\" data-e-action-hash=\"#elementor-action%3Aaction%3Dlightbox%26settings%3DeyJpZCI6MjUyMCwidXJsIjoiaHR0cHM6XC9cL2Fzc2lzaWpvdXJuZXkub3JnXC93cC1jb250ZW50XC91cGxvYWRzXC8yMDI2XC8wM1wvQmlsZHNjaGlybWZvdG8tMjAyNS0wOC0xMi11bS0xMy40NS4wOC5wbmciLCJzbGlkZXNob3ciOiIxMzVkMDBmIn0%3D\" href='https:\/\/assisijourney.org\/wp-content\/uploads\/2026\/03\/Bildschirmfoto-2025-08-12-um-13.45.08.png'><img loading=\"lazy\" decoding=\"async\" width=\"215\" height=\"300\" src=\"https:\/\/assisijourney.org\/wp-content\/uploads\/2026\/03\/Bildschirmfoto-2025-08-12-um-13.45.08-215x300.png\" class=\"attachment-medium size-medium\" alt=\"\" srcset=\"https:\/\/assisijourney.org\/wp-content\/uploads\/2026\/03\/Bildschirmfoto-2025-08-12-um-13.45.08-215x300.png 215w, https:\/\/assisijourney.org\/wp-content\/uploads\/2026\/03\/Bildschirmfoto-2025-08-12-um-13.45.08.png 716w\" sizes=\"(max-width: 215px) 100vw, 215px\" \/><\/a>\n\t\t\t<\/div><\/figure><figure class='gallery-item'>\n\t\t\t<div class='gallery-icon landscape'>\n\t\t\t\t<a data-elementor-open-lightbox=\"yes\" data-elementor-lightbox-slideshow=\"135d00f\" data-elementor-lightbox-title=\"IMG_3495\" data-e-action-hash=\"#elementor-action%3Aaction%3Dlightbox%26settings%3DeyJpZCI6MjUyNywidXJsIjoiaHR0cHM6XC9cL2Fzc2lzaWpvdXJuZXkub3JnXC93cC1jb250ZW50XC91cGxvYWRzXC8yMDI2XC8wM1wvSU1HXzM0OTUtMS5qcGVnIiwic2xpZGVzaG93IjoiMTM1ZDAwZiJ9\" href='https:\/\/assisijourney.org\/wp-content\/uploads\/2026\/03\/IMG_3495-1.jpeg'><img loading=\"lazy\" decoding=\"async\" width=\"300\" height=\"225\" src=\"https:\/\/assisijourney.org\/wp-content\/uploads\/2026\/03\/IMG_3495-1-300x225.jpeg\" class=\"attachment-medium size-medium\" alt=\"\" srcset=\"https:\/\/assisijourney.org\/wp-content\/uploads\/2026\/03\/IMG_3495-1-300x225.jpeg 300w, https:\/\/assisijourney.org\/wp-content\/uploads\/2026\/03\/IMG_3495-1.jpeg 640w\" sizes=\"(max-width: 300px) 100vw, 300px\" \/><\/a>\n\t\t\t<\/div><\/figure><figure class='gallery-item'>\n\t\t\t<div class='gallery-icon portrait'>\n\t\t\t\t<a data-elementor-open-lightbox=\"yes\" data-elementor-lightbox-slideshow=\"135d00f\" data-elementor-lightbox-title=\"IMG_3497\" data-e-action-hash=\"#elementor-action%3Aaction%3Dlightbox%26settings%3DeyJpZCI6MjUyOCwidXJsIjoiaHR0cHM6XC9cL2Fzc2lzaWpvdXJuZXkub3JnXC93cC1jb250ZW50XC91cGxvYWRzXC8yMDI2XC8wM1wvSU1HXzM0OTctcm90YXRlZC5qcGVnIiwic2xpZGVzaG93IjoiMTM1ZDAwZiJ9\" href='https:\/\/assisijourney.org\/wp-content\/uploads\/2026\/03\/IMG_3497-rotated.jpeg'><img loading=\"lazy\" decoding=\"async\" width=\"225\" height=\"300\" src=\"https:\/\/assisijourney.org\/wp-content\/uploads\/2026\/03\/IMG_3497-225x300.jpeg\" class=\"attachment-medium size-medium\" alt=\"\" srcset=\"https:\/\/assisijourney.org\/wp-content\/uploads\/2026\/03\/IMG_3497-225x300.jpeg 225w, https:\/\/assisijourney.org\/wp-content\/uploads\/2026\/03\/IMG_3497-rotated.jpeg 480w\" sizes=\"(max-width: 225px) 100vw, 225px\" \/><\/a>\n\t\t\t<\/div><\/figure><figure class='gallery-item'>\n\t\t\t<div class='gallery-icon portrait'>\n\t\t\t\t<a data-elementor-open-lightbox=\"yes\" data-elementor-lightbox-slideshow=\"135d00f\" data-elementor-lightbox-title=\"foto 10\" data-e-action-hash=\"#elementor-action%3Aaction%3Dlightbox%26settings%3DeyJpZCI6MjUyNCwidXJsIjoiaHR0cHM6XC9cL2Fzc2lzaWpvdXJuZXkub3JnXC93cC1jb250ZW50XC91cGxvYWRzXC8yMDI2XC8wM1wvZm90by0xMC1zY2FsZWQuanBlZyIsInNsaWRlc2hvdyI6IjEzNWQwMGYifQ%3D%3D\" href='https:\/\/assisijourney.org\/wp-content\/uploads\/2026\/03\/foto-10-scaled.jpeg'><img loading=\"lazy\" decoding=\"async\" width=\"225\" height=\"300\" src=\"https:\/\/assisijourney.org\/wp-content\/uploads\/2026\/03\/foto-10-225x300.jpeg\" class=\"attachment-medium size-medium\" alt=\"\" srcset=\"https:\/\/assisijourney.org\/wp-content\/uploads\/2026\/03\/foto-10-225x300.jpeg 225w, https:\/\/assisijourney.org\/wp-content\/uploads\/2026\/03\/foto-10-768x1024.jpeg 768w, https:\/\/assisijourney.org\/wp-content\/uploads\/2026\/03\/foto-10-1152x1536.jpeg 1152w, https:\/\/assisijourney.org\/wp-content\/uploads\/2026\/03\/foto-10-1536x2048.jpeg 1536w, https:\/\/assisijourney.org\/wp-content\/uploads\/2026\/03\/foto-10-scaled.jpeg 1920w\" sizes=\"(max-width: 225px) 100vw, 225px\" \/><\/a>\n\t\t\t<\/div><\/figure><figure class='gallery-item'>\n\t\t\t<div class='gallery-icon landscape'>\n\t\t\t\t<a data-elementor-open-lightbox=\"yes\" data-elementor-lightbox-slideshow=\"135d00f\" data-elementor-lightbox-title=\"foto 02\" data-e-action-hash=\"#elementor-action%3Aaction%3Dlightbox%26settings%3DeyJpZCI6MjUyMiwidXJsIjoiaHR0cHM6XC9cL2Fzc2lzaWpvdXJuZXkub3JnXC93cC1jb250ZW50XC91cGxvYWRzXC8yMDI2XC8wM1wvZm90by0wMi1zY2FsZWQuanBlZyIsInNsaWRlc2hvdyI6IjEzNWQwMGYifQ%3D%3D\" href='https:\/\/assisijourney.org\/wp-content\/uploads\/2026\/03\/foto-02-scaled.jpeg'><img loading=\"lazy\" decoding=\"async\" width=\"300\" height=\"225\" src=\"https:\/\/assisijourney.org\/wp-content\/uploads\/2026\/03\/foto-02-300x225.jpeg\" class=\"attachment-medium size-medium\" alt=\"\" srcset=\"https:\/\/assisijourney.org\/wp-content\/uploads\/2026\/03\/foto-02-300x225.jpeg 300w, https:\/\/assisijourney.org\/wp-content\/uploads\/2026\/03\/foto-02-1024x768.jpeg 1024w, https:\/\/assisijourney.org\/wp-content\/uploads\/2026\/03\/foto-02-768x576.jpeg 768w, https:\/\/assisijourney.org\/wp-content\/uploads\/2026\/03\/foto-02-1536x1152.jpeg 1536w, https:\/\/assisijourney.org\/wp-content\/uploads\/2026\/03\/foto-02-2048x1536.jpeg 2048w\" sizes=\"(max-width: 300px) 100vw, 300px\" \/><\/a>\n\t\t\t<\/div><\/figure><figure class='gallery-item'>\n\t\t\t<div class='gallery-icon landscape'>\n\t\t\t\t<a data-elementor-open-lightbox=\"yes\" data-elementor-lightbox-slideshow=\"135d00f\" data-elementor-lightbox-title=\"foto 07\" data-e-action-hash=\"#elementor-action%3Aaction%3Dlightbox%26settings%3DeyJpZCI6MjUyMywidXJsIjoiaHR0cHM6XC9cL2Fzc2lzaWpvdXJuZXkub3JnXC93cC1jb250ZW50XC91cGxvYWRzXC8yMDI2XC8wM1wvZm90by0wNy1zY2FsZWQuanBlZyIsInNsaWRlc2hvdyI6IjEzNWQwMGYifQ%3D%3D\" href='https:\/\/assisijourney.org\/wp-content\/uploads\/2026\/03\/foto-07-scaled.jpeg'><img loading=\"lazy\" decoding=\"async\" width=\"300\" height=\"148\" src=\"https:\/\/assisijourney.org\/wp-content\/uploads\/2026\/03\/foto-07-300x148.jpeg\" class=\"attachment-medium size-medium\" alt=\"\" srcset=\"https:\/\/assisijourney.org\/wp-content\/uploads\/2026\/03\/foto-07-300x148.jpeg 300w, https:\/\/assisijourney.org\/wp-content\/uploads\/2026\/03\/foto-07-1024x504.jpeg 1024w, https:\/\/assisijourney.org\/wp-content\/uploads\/2026\/03\/foto-07-768x378.jpeg 768w, https:\/\/assisijourney.org\/wp-content\/uploads\/2026\/03\/foto-07-1536x756.jpeg 1536w, https:\/\/assisijourney.org\/wp-content\/uploads\/2026\/03\/foto-07-2048x1008.jpeg 2048w\" sizes=\"(max-width: 300px) 100vw, 300px\" \/><\/a>\n\t\t\t<\/div><\/figure><figure class='gallery-item'>\n\t\t\t<div class='gallery-icon landscape'>\n\t\t\t\t<a data-elementor-open-lightbox=\"yes\" data-elementor-lightbox-slideshow=\"135d00f\" data-elementor-lightbox-title=\"IMG_2795\" data-e-action-hash=\"#elementor-action%3Aaction%3Dlightbox%26settings%3DeyJpZCI6MjUyNSwidXJsIjoiaHR0cHM6XC9cL2Fzc2lzaWpvdXJuZXkub3JnXC93cC1jb250ZW50XC91cGxvYWRzXC8yMDI2XC8wM1wvSU1HXzI3OTUtcm90YXRlZC5qcGciLCJzbGlkZXNob3ciOiIxMzVkMDBmIn0%3D\" href='https:\/\/assisijourney.org\/wp-content\/uploads\/2026\/03\/IMG_2795-rotated.jpg'><img loading=\"lazy\" decoding=\"async\" width=\"300\" height=\"225\" src=\"https:\/\/assisijourney.org\/wp-content\/uploads\/2026\/03\/IMG_2795-300x225.jpg\" class=\"attachment-medium size-medium\" alt=\"\" srcset=\"https:\/\/assisijourney.org\/wp-content\/uploads\/2026\/03\/IMG_2795-300x225.jpg 300w, https:\/\/assisijourney.org\/wp-content\/uploads\/2026\/03\/IMG_2795-rotated.jpg 640w\" sizes=\"(max-width: 300px) 100vw, 300px\" \/><\/a>\n\t\t\t<\/div><\/figure>\n\t\t<\/div>\n\t\t<\/div>\n\t\t\t\t\t\t<\/div>\n\t\t\t\t<\/div>\n\t\t\t\t\t<\/div>\n\t\t\t\t<\/div>\n\t\t\t\t<\/div>\n\t\t","protected":false},"excerpt":{"rendered":"<p>Bl. Franz J\u00e4gerst\u00e4tter OFS (1907 &#8211; 1943) Andr\u00e9 with Franziska J\u00e4gerst\u00e4tter in 2010 A Franciscan Martyr and Advocate for Non-Violence and Peace. We visited the home of Franz J\u00e4gerst\u00e4tter in 2010, 2022 and 2025 with different groups. Franz and Franziska joined the Secular Franciscan Order in the 1930s. Read\u00a0a\u00a0report by Toni Maconi OFS, Bridget Durham [&hellip;]<\/p>\n","protected":false},"author":1,"featured_media":0,"parent":0,"menu_order":0,"comment_status":"closed","ping_status":"closed","template":"elementor_header_footer","meta":{"site-sidebar-layout":"no-sidebar","site-content-layout":"page-builder","ast-site-content-layout":"full-width-container","site-content-style":"default","site-sidebar-style":"default","ast-global-header-display":"","ast-banner-title-visibility":"","ast-main-header-display":"","ast-hfb-above-header-display":"","ast-hfb-below-header-display":"","ast-hfb-mobile-header-display":"","site-post-title":"disabled","ast-breadcrumbs-content":"","ast-featured-img":"disabled","footer-sml-layout":"","ast-disable-related-posts":"","theme-transparent-header-meta":"","adv-header-id-meta":"","stick-header-meta":"","header-above-stick-meta":"","header-main-stick-meta":"","header-below-stick-meta":"","astra-migrate-meta-layouts":"set","ast-page-background-enabled":"default","ast-page-background-meta":{"desktop":{"background-color":"var(--ast-global-color-4)","background-image":"","background-repeat":"repeat","background-position":"center center","background-size":"auto","background-attachment":"scroll","background-type":"","background-media":"","overlay-type":"","overlay-color":"","overlay-opacity":"","overlay-gradient":""},"tablet":{"background-color":"","background-image":"","background-repeat":"repeat","background-position":"center center","background-size":"auto","background-attachment":"scroll","background-type":"","background-media":"","overlay-type":"","overlay-color":"","overlay-opacity":"","overlay-gradient":""},"mobile":{"background-color":"","background-image":"","background-repeat":"repeat","background-position":"center center","background-size":"auto","background-attachment":"scroll","background-type":"","background-media":"","overlay-type":"","overlay-color":"","overlay-opacity":"","overlay-gradient":""}},"ast-content-background-meta":{"desktop":{"background-color":"var(--ast-global-color-5)","background-image":"","background-repeat":"repeat","background-position":"center center","background-size":"auto","background-attachment":"scroll","background-type":"","background-media":"","overlay-type":"","overlay-color":"","overlay-opacity":"","overlay-gradient":""},"tablet":{"background-color":"var(--ast-global-color-5)","background-image":"","background-repeat":"repeat","background-position":"center center","background-size":"auto","background-attachment":"scroll","background-type":"","background-media":"","overlay-type":"","overlay-color":"","overlay-opacity":"","overlay-gradient":""},"mobile":{"background-color":"var(--ast-global-color-5)","background-image":"","background-repeat":"repeat","background-position":"center center","background-size":"auto","background-attachment":"scroll","background-type":"","background-media":"","overlay-type":"","overlay-color":"","overlay-opacity":"","overlay-gradient":""}},"footnotes":""},"class_list":["post-2466","page","type-page","status-publish","hentry"],"_links":{"self":[{"href":"https:\/\/assisijourney.org\/index.php?rest_route=\/wp\/v2\/pages\/2466","targetHints":{"allow":["GET"]}}],"collection":[{"href":"https:\/\/assisijourney.org\/index.php?rest_route=\/wp\/v2\/pages"}],"about":[{"href":"https:\/\/assisijourney.org\/index.php?rest_route=\/wp\/v2\/types\/page"}],"author":[{"embeddable":true,"href":"https:\/\/assisijourney.org\/index.php?rest_route=\/wp\/v2\/users\/1"}],"replies":[{"embeddable":true,"href":"https:\/\/assisijourney.org\/index.php?rest_route=%2Fwp%2Fv2%2Fcomments&post=2466"}],"version-history":[{"count":40,"href":"https:\/\/assisijourney.org\/index.php?rest_route=\/wp\/v2\/pages\/2466\/revisions"}],"predecessor-version":[{"id":4338,"href":"https:\/\/assisijourney.org\/index.php?rest_route=\/wp\/v2\/pages\/2466\/revisions\/4338"}],"wp:attachment":[{"href":"https:\/\/assisijourney.org\/index.php?rest_route=%2Fwp%2Fv2%2Fmedia&parent=2466"}],"curies":[{"name":"wp","href":"https:\/\/api.w.org\/{rel}","templated":true}]}}